{"id":2,"date":"2023-08-08T14:35:51","date_gmt":"2023-08-08T14:35:51","guid":{"rendered":"https:\/\/crosslog.com\/wiki\/?page_id=2"},"modified":"2023-08-25T14:39:23","modified_gmt":"2023-08-25T14:39:23","slug":"sample-page","status":"publish","type":"page","link":"https:\/\/crosslog.com\/wiki\/","title":{"rendered":""},"content":{"rendered":"\t\t<div data-elementor-type=\"wp-page\" data-elementor-id=\"2\" class=\"elementor elementor-2\">\n\t\t\t\t\t\t<section class=\"elementor-section elementor-top-section elementor-element elementor-element-6375ab4b elementor-section-boxed elementor-section-height-default elementor-section-height-default\" data-id=\"6375ab4b\" data-element_type=\"section\" data-e-type=\"section\">\n\t\t\t\t\t\t<div class=\"elementor-container elementor-column-gap-default\">\n\t\t\t\t\t<div class=\"elementor-column elementor-col-100 elementor-top-column elementor-element elementor-element-1e8e0202\" data-id=\"1e8e0202\" data-element_type=\"column\" data-e-type=\"column\">\n\t\t\t<div class=\"elementor-widget-wrap elementor-element-populated\">\n\t\t\t\t\t\t<div class=\"elementor-element elementor-element-378b5f68 elementor-widget elementor-widget-text-editor\" data-id=\"378b5f68\" data-element_type=\"widget\" data-e-type=\"widget\" data-widget_type=\"text-editor.default\">\n\t\t\t\t<div class=\"elementor-widget-container\">\n\t\t\t\t\t\t\t\t\t<p style=\"text-align: center;\">Votre centre d\u2019information et de ressources de Crosslog International<\/p>\t\t\t\t\t\t\t\t<\/div>\n\t\t\t\t<\/div>\n\t\t\t\t\t<\/div>\n\t\t<\/div>\n\t\t\t\t\t<\/div>\n\t\t<\/section>\n\t\t\t\t<section class=\"elementor-section elementor-top-section elementor-element elementor-element-0600abd elementor-section-boxed elementor-section-height-default elementor-section-height-default\" data-id=\"0600abd\" data-element_type=\"section\" data-e-type=\"section\">\n\t\t\t\t\t\t<div class=\"elementor-container elementor-column-gap-default\">\n\t\t\t\t\t<div class=\"elementor-column elementor-col-100 elementor-top-column elementor-element elementor-element-51af996\" data-id=\"51af996\" data-element_type=\"column\" data-e-type=\"column\">\n\t\t\t<div class=\"elementor-widget-wrap elementor-element-populated\">\n\t\t\t\t\t\t<div class=\"elementor-element elementor-element-9160d32 elementor-widget elementor-widget-lsvr_lore_knowledge_base\" data-id=\"9160d32\" data-element_type=\"widget\" data-e-type=\"widget\" data-widget_type=\"lsvr_lore_knowledge_base.default\">\n\t\t\t\t<div class=\"elementor-widget-container\">\n\t\t\t\t\t\n<!-- LORE KNOWLEDGE BASE : begin -->\n<section class=\"lsvr-lore-knowledge-base\"\n    >\n    <div class=\"lsvr-lore-knowledge-base__inner\">\n\n        \n        <div class=\"lsvr-lore-knowledge-base__content\">\n\n            \n                <div class=\"lsvr-lore-knowledge-base__list lsvr-lore-knowledge-base__list--3-cols\">\n\n                    \n                        \n                        <div class=\"widget lsvr-lore-kba-category-widget\"><div class=\"widget__inner\">\n<div class=\"widget__content\">\n\n\t\n\t\t<div class=\"lsvr-lore-kba-category-widget__header\">\n\n\t\t\t<a href=\"https:\/\/crosslog.com\/wiki\/wiki-base-category\/carte-des-points-relais\/\" class=\"lsvr-lore-kba-category-widget__icon-link\" aria-hidden=\"true\">\n\t\t\t\t<span class=\"lsvr-lore-kba-category-widget__icon icon-map-marker\"><\/span>\n\t\t\t<\/a>\n\n\t\t\t<h3 class=\"lsvr-lore-kba-category-widget__title\">\n\t\t\t\t<a href=\"https:\/\/crosslog.com\/wiki\/wiki-base-category\/carte-des-points-relais\/\"\n\t\t\t\t\tclass=\"lsvr-lore-kba-category-widget__title-link\">\n\t\t\t\t\tCarte des Points Relais\t\t\t\t<\/a>\n\t\t\t<\/h3>\n\n\t\t<\/div>\n\n\t\n\t\n\t\t<ul class=\"lsvr-lore-kba-category-widget__list\">\n\n    \t\t\n    \t\t\t<li class=\"lsvr-lore-kba-category-widget__item\">\n    \t\t\t\t<a href=\"https:\/\/crosslog.com\/wiki\/wiki-base\/getpickuppoint-api\/\"\n    \t\t\t\t\tclass=\"lsvr-lore-kba-category-widget__item-link\">\n    \t\t\t\t\tGetPickupPoint API    \t\t\t\t<\/a>\n\t\t\t\t<\/li>\n\n    \t\t\n    \t\t\t<li class=\"lsvr-lore-kba-category-widget__item\">\n    \t\t\t\t<a href=\"https:\/\/crosslog.com\/wiki\/wiki-base\/modules-cms\/\"\n    \t\t\t\t\tclass=\"lsvr-lore-kba-category-widget__item-link\">\n    \t\t\t\t\tModules CMS    \t\t\t\t<\/a>\n\t\t\t\t<\/li>\n\n    \t\t\n\t\t<\/ul>\n\n\t\n<\/div>\n\n<\/div><\/div>\n                        \n                    \n                        \n                        <div class=\"widget lsvr-lore-kba-category-widget\"><div class=\"widget__inner\">\n<div class=\"widget__content\">\n\n\t\n\t\t<div class=\"lsvr-lore-kba-category-widget__header\">\n\n\t\t\t<a href=\"https:\/\/crosslog.com\/wiki\/wiki-base-category\/cloud\/\" class=\"lsvr-lore-kba-category-widget__icon-link\" aria-hidden=\"true\">\n\t\t\t\t<span class=\"lsvr-lore-kba-category-widget__icon icon-cloud\"><\/span>\n\t\t\t<\/a>\n\n\t\t\t<h3 class=\"lsvr-lore-kba-category-widget__title\">\n\t\t\t\t<a href=\"https:\/\/crosslog.com\/wiki\/wiki-base-category\/cloud\/\"\n\t\t\t\t\tclass=\"lsvr-lore-kba-category-widget__title-link\">\n\t\t\t\t\tCloud\t\t\t\t<\/a>\n\t\t\t<\/h3>\n\n\t\t<\/div>\n\n\t\n\t\n\t\t<ul class=\"lsvr-lore-kba-category-widget__list\">\n\n    \t\t\n    \t\t\t<li class=\"lsvr-lore-kba-category-widget__item\">\n    \t\t\t\t<a href=\"https:\/\/crosslog.com\/wiki\/wiki-base\/installation-et-parametrage-vpn-client-barracuda\/\"\n    \t\t\t\t\tclass=\"lsvr-lore-kba-category-widget__item-link\">\n    \t\t\t\t\tInstallation et parametrage vpn client barracuda    \t\t\t\t<\/a>\n\t\t\t\t<\/li>\n\n    \t\t\n    \t\t\t<li class=\"lsvr-lore-kba-category-widget__item\">\n    \t\t\t\t<a href=\"https:\/\/crosslog.com\/wiki\/wiki-base\/redemarrage-site-iis\/\"\n    \t\t\t\t\tclass=\"lsvr-lore-kba-category-widget__item-link\">\n    \t\t\t\t\tRed\u00e9marrage site IIS    \t\t\t\t<\/a>\n\t\t\t\t<\/li>\n\n    \t\t\n    \t\t\t<li class=\"lsvr-lore-kba-category-widget__item\">\n    \t\t\t\t<a href=\"https:\/\/crosslog.com\/wiki\/wiki-base\/dossier-technique-environnement-proxy\/\"\n    \t\t\t\t\tclass=\"lsvr-lore-kba-category-widget__item-link\">\n    \t\t\t\t\tDossier Technique environnement proxy    \t\t\t\t<\/a>\n\t\t\t\t<\/li>\n\n    \t\t\n\t\t<\/ul>\n\n\t\n<\/div>\n\n<\/div><\/div>\n                        \n                    \n                        \n                        <div class=\"widget lsvr-lore-kba-category-widget\"><div class=\"widget__inner\">\n<div class=\"widget__content\">\n\n\t\n\t\t<div class=\"lsvr-lore-kba-category-widget__header\">\n\n\t\t\t<a href=\"https:\/\/crosslog.com\/wiki\/wiki-base-category\/cms\/\" class=\"lsvr-lore-kba-category-widget__icon-link\" aria-hidden=\"true\">\n\t\t\t\t<span class=\"lsvr-lore-kba-category-widget__icon lsvr-lore-kba-category-widget__icon--default\"><\/span>\n\t\t\t<\/a>\n\n\t\t\t<h3 class=\"lsvr-lore-kba-category-widget__title\">\n\t\t\t\t<a href=\"https:\/\/crosslog.com\/wiki\/wiki-base-category\/cms\/\"\n\t\t\t\t\tclass=\"lsvr-lore-kba-category-widget__title-link\">\n\t\t\t\t\tCMS\t\t\t\t<\/a>\n\t\t\t<\/h3>\n\n\t\t<\/div>\n\n\t\n\t\n\t\t<ul class=\"lsvr-lore-kba-category-widget__list\">\n\n    \t\t\n    \t\t\t<li class=\"lsvr-lore-kba-category-widget__item\">\n    \t\t\t\t<a href=\"https:\/\/crosslog.com\/wiki\/wiki-base\/procedure-dinterfacage-shopify-4\/\"\n    \t\t\t\t\tclass=\"lsvr-lore-kba-category-widget__item-link\">\n    \t\t\t\t\tProc\u00e9dure d&#039;interfa\u00e7age Shopify 4    \t\t\t\t<\/a>\n\t\t\t\t<\/li>\n\n    \t\t\n    \t\t\t<li class=\"lsvr-lore-kba-category-widget__item\">\n    \t\t\t\t<a href=\"https:\/\/crosslog.com\/wiki\/wiki-base\/procedure-dinvitation-shopify\/\"\n    \t\t\t\t\tclass=\"lsvr-lore-kba-category-widget__item-link\">\n    \t\t\t\t\tProc\u00e9dure d&#039;autorisation d&#039;acc\u00e8s \u00e0 Shopify    \t\t\t\t<\/a>\n\t\t\t\t<\/li>\n\n    \t\t\n    \t\t\t<li class=\"lsvr-lore-kba-category-widget__item\">\n    \t\t\t\t<a href=\"https:\/\/crosslog.com\/wiki\/wiki-base\/creation-bundles-sur-shopify\/\"\n    \t\t\t\t\tclass=\"lsvr-lore-kba-category-widget__item-link\">\n    \t\t\t\t\tCr\u00e9ation Bundles sur Shopify    \t\t\t\t<\/a>\n\t\t\t\t<\/li>\n\n    \t\t\n\t\t<\/ul>\n\n\t\n<\/div>\n\n<\/div><\/div>\n                        \n                    \n                        \n                        <div class=\"widget lsvr-lore-kba-category-widget\"><div class=\"widget__inner\">\n<div class=\"widget__content\">\n\n\t\n\t\t<div class=\"lsvr-lore-kba-category-widget__header\">\n\n\t\t\t<a href=\"https:\/\/crosslog.com\/wiki\/wiki-base-category\/crossdesk\/\" class=\"lsvr-lore-kba-category-widget__icon-link\" aria-hidden=\"true\">\n\t\t\t\t<span class=\"lsvr-lore-kba-category-widget__icon icon-star-o\"><\/span>\n\t\t\t<\/a>\n\n\t\t\t<h3 class=\"lsvr-lore-kba-category-widget__title\">\n\t\t\t\t<a href=\"https:\/\/crosslog.com\/wiki\/wiki-base-category\/crossdesk\/\"\n\t\t\t\t\tclass=\"lsvr-lore-kba-category-widget__title-link\">\n\t\t\t\t\tCrossdesk\t\t\t\t<\/a>\n\t\t\t<\/h3>\n\n\t\t<\/div>\n\n\t\n\t\n\t\t<ul class=\"lsvr-lore-kba-category-widget__list\">\n\n    \t\t\n    \t\t\t<li class=\"lsvr-lore-kba-category-widget__item\">\n    \t\t\t\t<a href=\"https:\/\/crosslog.com\/wiki\/wiki-base\/nouveau-systeme-de-tags-produits\/\"\n    \t\t\t\t\tclass=\"lsvr-lore-kba-category-widget__item-link\">\n    \t\t\t\t\tNouveau syst\u00e8me de tags produits    \t\t\t\t<\/a>\n\t\t\t\t<\/li>\n\n    \t\t\n    \t\t\t<li class=\"lsvr-lore-kba-category-widget__item\">\n    \t\t\t\t<a href=\"https:\/\/crosslog.com\/wiki\/wiki-base\/xlflowadvanced-web-service-update-scheduled-for-20-04-2026-en\/\"\n    \t\t\t\t\tclass=\"lsvr-lore-kba-category-widget__item-link\">\n    \t\t\t\t\tXLFlowAdvanced web service update scheduled for 20\/04\/2026 (EN)    \t\t\t\t<\/a>\n\t\t\t\t<\/li>\n\n    \t\t\n    \t\t\t<li class=\"lsvr-lore-kba-category-widget__item\">\n    \t\t\t\t<a href=\"https:\/\/crosslog.com\/wiki\/wiki-base\/mise-a-jour-webservice-xlflowadvanced-fr\/\"\n    \t\t\t\t\tclass=\"lsvr-lore-kba-category-widget__item-link\">\n    \t\t\t\t\tMise \u00e0 jour du webservice XLFlowAdvanced pr\u00e9vue le 20\/04\/2026 (FR)    \t\t\t\t<\/a>\n\t\t\t\t<\/li>\n\n    \t\t\n    \t\t\t<li class=\"lsvr-lore-kba-category-widget__item\">\n    \t\t\t\t<a href=\"https:\/\/crosslog.com\/wiki\/wiki-base\/xlflowadvanced-en\/\"\n    \t\t\t\t\tclass=\"lsvr-lore-kba-category-widget__item-link\">\n    \t\t\t\t\tXLFlowAdvanced (EN)    \t\t\t\t<\/a>\n\t\t\t\t<\/li>\n\n    \t\t\n\t\t<\/ul>\n\n\t\n<\/div>\n\n<\/div><\/div>\n                        \n                    \n                        \n                        <div class=\"widget lsvr-lore-kba-category-widget\"><div class=\"widget__inner\">\n<div class=\"widget__content\">\n\n\t\n\t\t<div class=\"lsvr-lore-kba-category-widget__header\">\n\n\t\t\t<a href=\"https:\/\/crosslog.com\/wiki\/wiki-base-category\/crossdesk-360\/\" class=\"lsvr-lore-kba-category-widget__icon-link\" aria-hidden=\"true\">\n\t\t\t\t<span class=\"lsvr-lore-kba-category-widget__icon lsvr-lore-kba-category-widget__icon--default\"><\/span>\n\t\t\t<\/a>\n\n\t\t\t<h3 class=\"lsvr-lore-kba-category-widget__title\">\n\t\t\t\t<a href=\"https:\/\/crosslog.com\/wiki\/wiki-base-category\/crossdesk-360\/\"\n\t\t\t\t\tclass=\"lsvr-lore-kba-category-widget__title-link\">\n\t\t\t\t\tCrossdesk 360\t\t\t\t<\/a>\n\t\t\t<\/h3>\n\n\t\t<\/div>\n\n\t\n\t\n\t\t<ul class=\"lsvr-lore-kba-category-widget__list\">\n\n    \t\t\n    \t\t\t<li class=\"lsvr-lore-kba-category-widget__item\">\n    \t\t\t\t<a href=\"https:\/\/crosslog.com\/wiki\/wiki-base\/parcel-order-in-crossdesk360\/\"\n    \t\t\t\t\tclass=\"lsvr-lore-kba-category-widget__item-link\">\n    \t\t\t\t\tParcel Order in Crossdesk360    \t\t\t\t<\/a>\n\t\t\t\t<\/li>\n\n    \t\t\n    \t\t\t<li class=\"lsvr-lore-kba-category-widget__item\">\n    \t\t\t\t<a href=\"https:\/\/crosslog.com\/wiki\/wiki-base\/scan-order-from-the-crossdesk360\/\"\n    \t\t\t\t\tclass=\"lsvr-lore-kba-category-widget__item-link\">\n    \t\t\t\t\tScan Order from the Crossdesk360    \t\t\t\t<\/a>\n\t\t\t\t<\/li>\n\n    \t\t\n    \t\t\t<li class=\"lsvr-lore-kba-category-widget__item\">\n    \t\t\t\t<a href=\"https:\/\/crosslog.com\/wiki\/wiki-base\/steps-to-create-the-new-order-on-warehouse\/\"\n    \t\t\t\t\tclass=\"lsvr-lore-kba-category-widget__item-link\">\n    \t\t\t\t\tSteps to Create the New Order on Warehouse:    \t\t\t\t<\/a>\n\t\t\t\t<\/li>\n\n    \t\t\n    \t\t\t<li class=\"lsvr-lore-kba-category-widget__item\">\n    \t\t\t\t<a href=\"https:\/\/crosslog.com\/wiki\/wiki-base\/warehouse-api-documentation\/\"\n    \t\t\t\t\tclass=\"lsvr-lore-kba-category-widget__item-link\">\n    \t\t\t\t\tWarehouse API Documentation    \t\t\t\t<\/a>\n\t\t\t\t<\/li>\n\n    \t\t\n\t\t<\/ul>\n\n\t\n<\/div>\n\n<\/div><\/div>\n                        \n                    \n                        \n                        <div class=\"widget lsvr-lore-kba-category-widget\"><div class=\"widget__inner\">\n<div class=\"widget__content\">\n\n\t\n\t\t<div class=\"lsvr-lore-kba-category-widget__header\">\n\n\t\t\t<a href=\"https:\/\/crosslog.com\/wiki\/wiki-base-category\/crosslog\/\" class=\"lsvr-lore-kba-category-widget__icon-link\" aria-hidden=\"true\">\n\t\t\t\t<span class=\"lsvr-lore-kba-category-widget__icon icon-building\"><\/span>\n\t\t\t<\/a>\n\n\t\t\t<h3 class=\"lsvr-lore-kba-category-widget__title\">\n\t\t\t\t<a href=\"https:\/\/crosslog.com\/wiki\/wiki-base-category\/crosslog\/\"\n\t\t\t\t\tclass=\"lsvr-lore-kba-category-widget__title-link\">\n\t\t\t\t\tCrosslog\t\t\t\t<\/a>\n\t\t\t<\/h3>\n\n\t\t<\/div>\n\n\t\n\t\n\t\t<ul class=\"lsvr-lore-kba-category-widget__list\">\n\n    \t\t\n    \t\t\t<li class=\"lsvr-lore-kba-category-widget__item\">\n    \t\t\t\t<a href=\"https:\/\/crosslog.com\/wiki\/wiki-base\/crossdesk-tv\/\"\n    \t\t\t\t\tclass=\"lsvr-lore-kba-category-widget__item-link\">\n    \t\t\t\t\tCrossdesk TV    \t\t\t\t<\/a>\n\t\t\t\t<\/li>\n\n    \t\t\n    \t\t\t<li class=\"lsvr-lore-kba-category-widget__item\">\n    \t\t\t\t<a href=\"https:\/\/crosslog.com\/wiki\/wiki-base\/guide-de-declaration-dincidents\/\"\n    \t\t\t\t\tclass=\"lsvr-lore-kba-category-widget__item-link\">\n    \t\t\t\t\tGuide de d\u00e9claration d\u2019incidents    \t\t\t\t<\/a>\n\t\t\t\t<\/li>\n\n    \t\t\n    \t\t\t<li class=\"lsvr-lore-kba-category-widget__item\">\n    \t\t\t\t<a href=\"https:\/\/crosslog.com\/wiki\/wiki-base\/configuration-du-scanner-de-table\/\"\n    \t\t\t\t\tclass=\"lsvr-lore-kba-category-widget__item-link\">\n    \t\t\t\t\tConfiguration du scanner de table    \t\t\t\t<\/a>\n\t\t\t\t<\/li>\n\n    \t\t\n\t\t<\/ul>\n\n\t\n<\/div>\n\n<\/div><\/div>\n                        \n                    \n                        \n                        <div class=\"widget lsvr-lore-kba-category-widget\"><div class=\"widget__inner\">\n<div class=\"widget__content\">\n\n\t\n\t\t<div class=\"lsvr-lore-kba-category-widget__header\">\n\n\t\t\t<a href=\"https:\/\/crosslog.com\/wiki\/wiki-base-category\/crossteam\/\" class=\"lsvr-lore-kba-category-widget__icon-link\" aria-hidden=\"true\">\n\t\t\t\t<span class=\"lsvr-lore-kba-category-widget__icon icon-users-community\"><\/span>\n\t\t\t<\/a>\n\n\t\t\t<h3 class=\"lsvr-lore-kba-category-widget__title\">\n\t\t\t\t<a href=\"https:\/\/crosslog.com\/wiki\/wiki-base-category\/crossteam\/\"\n\t\t\t\t\tclass=\"lsvr-lore-kba-category-widget__title-link\">\n\t\t\t\t\tCrossteam\t\t\t\t<\/a>\n\t\t\t<\/h3>\n\n\t\t<\/div>\n\n\t\n\t\n\t\t<ul class=\"lsvr-lore-kba-category-widget__list\">\n\n    \t\t\n    \t\t\t<li class=\"lsvr-lore-kba-category-widget__item\">\n    \t\t\t\t<a href=\"https:\/\/crosslog.com\/wiki\/wiki-base\/naviguer-dans-la-section-chronologie\/\"\n    \t\t\t\t\tclass=\"lsvr-lore-kba-category-widget__item-link\">\n    \t\t\t\t\tNaviguer dans la section chronologie    \t\t\t\t<\/a>\n\t\t\t\t<\/li>\n\n    \t\t\n    \t\t\t<li class=\"lsvr-lore-kba-category-widget__item\">\n    \t\t\t\t<a href=\"https:\/\/crosslog.com\/wiki\/wiki-base\/gerer-vos-taches-efficacement\/\"\n    \t\t\t\t\tclass=\"lsvr-lore-kba-category-widget__item-link\">\n    \t\t\t\t\tG\u00e9rer les t\u00e2ches efficacement    \t\t\t\t<\/a>\n\t\t\t\t<\/li>\n\n    \t\t\n    \t\t\t<li class=\"lsvr-lore-kba-category-widget__item\">\n    \t\t\t\t<a href=\"https:\/\/crosslog.com\/wiki\/wiki-base\/stocker-des-informations-parametres-du-client\/\"\n    \t\t\t\t\tclass=\"lsvr-lore-kba-category-widget__item-link\">\n    \t\t\t\t\tStocker des informations param\u00e8tres du client    \t\t\t\t<\/a>\n\t\t\t\t<\/li>\n\n    \t\t\n    \t\t\t<li class=\"lsvr-lore-kba-category-widget__item\">\n    \t\t\t\t<a href=\"https:\/\/crosslog.com\/wiki\/wiki-base\/naviguer-dans-la-section-documents\/\"\n    \t\t\t\t\tclass=\"lsvr-lore-kba-category-widget__item-link\">\n    \t\t\t\t\tNaviguer dans la section documents    \t\t\t\t<\/a>\n\t\t\t\t<\/li>\n\n    \t\t\n\t\t<\/ul>\n\n\t\n<\/div>\n\n<\/div><\/div>\n                        \n                    \n                        \n                        <div class=\"widget lsvr-lore-kba-category-widget\"><div class=\"widget__inner\">\n<div class=\"widget__content\">\n\n\t\n\t\t<div class=\"lsvr-lore-kba-category-widget__header\">\n\n\t\t\t<a href=\"https:\/\/crosslog.com\/wiki\/wiki-base-category\/office-365\/\" class=\"lsvr-lore-kba-category-widget__icon-link\" aria-hidden=\"true\">\n\t\t\t\t<span class=\"lsvr-lore-kba-category-widget__icon icon-folder\"><\/span>\n\t\t\t<\/a>\n\n\t\t\t<h3 class=\"lsvr-lore-kba-category-widget__title\">\n\t\t\t\t<a href=\"https:\/\/crosslog.com\/wiki\/wiki-base-category\/office-365\/\"\n\t\t\t\t\tclass=\"lsvr-lore-kba-category-widget__title-link\">\n\t\t\t\t\tOffice 365\t\t\t\t<\/a>\n\t\t\t<\/h3>\n\n\t\t<\/div>\n\n\t\n\t\n\t\t<ul class=\"lsvr-lore-kba-category-widget__list\">\n\n    \t\t\n    \t\t\t<li class=\"lsvr-lore-kba-category-widget__item\">\n    \t\t\t\t<a href=\"https:\/\/crosslog.com\/wiki\/wiki-base\/telephonie-microsoft-teams-transfert-dappel-et-statistiques\/\"\n    \t\t\t\t\tclass=\"lsvr-lore-kba-category-widget__item-link\">\n    \t\t\t\t\tTeams : Transfert d\u2019appel    \t\t\t\t<\/a>\n\t\t\t\t<\/li>\n\n    \t\t\n\t\t<\/ul>\n\n\t\n<\/div>\n\n<\/div><\/div>\n                        \n                    \n                        \n                        <div class=\"widget lsvr-lore-kba-category-widget\"><div class=\"widget__inner\">\n<div class=\"widget__content\">\n\n\t\n\t\t<div class=\"lsvr-lore-kba-category-widget__header\">\n\n\t\t\t<a href=\"https:\/\/crosslog.com\/wiki\/wiki-base-category\/track-plus\/\" class=\"lsvr-lore-kba-category-widget__icon-link\" aria-hidden=\"true\">\n\t\t\t\t<span class=\"lsvr-lore-kba-category-widget__icon icon-plus-circle\"><\/span>\n\t\t\t<\/a>\n\n\t\t\t<h3 class=\"lsvr-lore-kba-category-widget__title\">\n\t\t\t\t<a href=\"https:\/\/crosslog.com\/wiki\/wiki-base-category\/track-plus\/\"\n\t\t\t\t\tclass=\"lsvr-lore-kba-category-widget__title-link\">\n\t\t\t\t\tTrack Plus\t\t\t\t<\/a>\n\t\t\t<\/h3>\n\n\t\t<\/div>\n\n\t\n\t\n\t\t<ul class=\"lsvr-lore-kba-category-widget__list\">\n\n    \t\t\n    \t\t\t<li class=\"lsvr-lore-kba-category-widget__item\">\n    \t\t\t\t<a href=\"https:\/\/crosslog.com\/wiki\/wiki-base\/mapping-des-evenements-dun-transporteur-avec-les-evenements-de-track\/\"\n    \t\t\t\t\tclass=\"lsvr-lore-kba-category-widget__item-link\">\n    \t\t\t\t\tMapping des \u00e9v\u00e8nements    \t\t\t\t<\/a>\n\t\t\t\t<\/li>\n\n    \t\t\n\t\t<\/ul>\n\n\t\n<\/div>\n\n<\/div><\/div>\n                        \n                    \n                <\/div>\n\n            \n        <\/div>\n\n        \n    <\/div>\n<\/section>\n<!-- LORE KNOWLEDGE BASE : end -->\n\n\t\t\t\t<\/div>\n\t\t\t\t<\/div>\n\t\t\t\t<div class=\"elementor-element elementor-element-ae5380d elementor-widget elementor-widget-text-editor\" data-id=\"ae5380d\" data-element_type=\"widget\" data-e-type=\"widget\" data-widget_type=\"text-editor.default\">\n\t\t\t\t<div class=\"elementor-widget-container\">\n\t\t\t\t\t\t\t\t\t\n\n\n<p class=\"has-text-align-center\">Si vous ne trouvez pas l&#8217;information souhait\u00e9e, n&#8217;h\u00e9sitez pas \u00e0 <a href=\"https:\/\/crossdesk.support\" data-type=\"link\" data-id=\"https:\/\/crossdesk.support\">contacter notre service support<\/a><\/p>\n\t\t\t\t\t\t\t\t<\/div>\n\t\t\t\t<\/div>\n\t\t\t\t\t<\/div>\n\t\t<\/div>\n\t\t\t\t\t<\/div>\n\t\t<\/section>\n\t\t\t\t<\/div>\n\t\t","protected":false},"excerpt":{"rendered":"<p>Votre centre d\u2019information et de ressources de Crosslog International Carte des Points Relais Exemple avec vid\u00e9o et images Crossdesk Plateforme de flux Exemple avec vid\u00e9o et images Crosslog Exemple avec vid\u00e9o et images Crossteam Exemple avec vid\u00e9o et images Easy Colis Exemple avec vid\u00e9o et images Fusion Exemple avec vid\u00e9o et images Support Exemple avec [&hellip;]<\/p>\n","protected":false},"author":1,"featured_media":0,"parent":0,"menu_order":0,"comment_status":"closed","ping_status":"closed","template":"","meta":{"footnotes":""},"class_list":["post-2","page","type-page","status-publish","hentry"],"_links":{"self":[{"href":"https:\/\/crosslog.com\/wiki\/wp-json\/wp\/v2\/pages\/2","targetHints":{"allow":["GET"]}}],"collection":[{"href":"https:\/\/crosslog.com\/wiki\/wp-json\/wp\/v2\/pages"}],"about":[{"href":"https:\/\/crosslog.com\/wiki\/wp-json\/wp\/v2\/types\/page"}],"author":[{"embeddable":true,"href":"https:\/\/crosslog.com\/wiki\/wp-json\/wp\/v2\/users\/1"}],"replies":[{"embeddable":true,"href":"https:\/\/crosslog.com\/wiki\/wp-json\/wp\/v2\/comments?post=2"}],"version-history":[{"count":64,"href":"https:\/\/crosslog.com\/wiki\/wp-json\/wp\/v2\/pages\/2\/revisions"}],"predecessor-version":[{"id":666,"href":"https:\/\/crosslog.com\/wiki\/wp-json\/wp\/v2\/pages\/2\/revisions\/666"}],"wp:attachment":[{"href":"https:\/\/crosslog.com\/wiki\/wp-json\/wp\/v2\/media?parent=2"}],"curies":[{"name":"wp","href":"https:\/\/api.w.org\/{rel}","templated":true}]}}