{"id":767,"date":"2022-10-07T09:51:57","date_gmt":"2022-10-07T09:51:57","guid":{"rendered":"https:\/\/theme.madsparrow.me\/most\/?page_id=767"},"modified":"2024-12-01T23:18:37","modified_gmt":"2024-12-01T23:18:37","slug":"service-client","status":"publish","type":"page","link":"https:\/\/crosslog.com\/2023\/service-client\/","title":{"rendered":"Contact"},"content":{"rendered":"\t\t<div data-elementor-type=\"wp-page\" data-elementor-id=\"767\" class=\"elementor elementor-767\">\n\t\t\t\t\t\t<section class=\"elementor-section elementor-top-section elementor-element elementor-element-b3d872e elementor-section-full_width elementor-section-height-default elementor-section-height-default\" data-id=\"b3d872e\" data-element_type=\"section\">\n\t\t\t\t\t\t<div class=\"elementor-container elementor-column-gap-no\">\n\t\t\t\t\t<div class=\"elementor-column elementor-col-100 elementor-top-column elementor-element elementor-element-12aa379\" data-id=\"12aa379\" data-element_type=\"column\">\n\t\t\t<div class=\"elementor-widget-wrap elementor-element-populated\">\n\t\t\t\t\t\t<div class=\"elementor-element elementor-element-f7ef26a elementor-widget elementor-widget-ms-hero\" data-id=\"f7ef26a\" data-element_type=\"widget\" data-settings=\"{&quot;_animation&quot;:&quot;none&quot;}\" data-widget_type=\"ms-hero.default\">\n\t\t\t\t<div class=\"elementor-widget-container\">\n\t\t\t\r\n        <section class=\"ms-hero\" id=\"f7ef26a\">\r\n\r\n            \r\n                            <div class=\"ms-parallax\" data-speed=\"0.7\" data-type=\"scale\">\r\n                                                                <div class=\"jarallax-img\" data-jarallax-video=\"mp4:https:\/\/crosslog.com\/2023\/wp-content\/uploads\/2023\/12\/call-center-customer-service-or-contact-us-suppor-2023-11-27-05-09-48-utc.webm\"><\/div>\r\n                                    <\/div>\r\n            \r\n            \r\n                \r\n                    <div class=\"ms-hc\">\r\n                        <div class=\"ms-hc--inner\">\r\n                                                            <h1 class=\"ms-hero-title\">Nous contacter<\/h1>\r\n                                                                                        <p class=\"ms-hero-subtitle\">Communiquez avec nous<\/p>\r\n                                                    <\/div>\r\n                    <\/div>\r\n\r\n                \r\n                \r\n            \r\n        <\/section>\r\n\r\n    \t\t<\/div>\n\t\t\t\t<\/div>\n\t\t\t\t<div class=\"elementor-element elementor-element-33c523a elementor-widget elementor-widget-spacer\" data-id=\"33c523a\" data-element_type=\"widget\" data-widget_type=\"spacer.default\">\n\t\t\t\t<div class=\"elementor-widget-container\">\n\t\t\t\t\t<div class=\"elementor-spacer\">\n\t\t\t<div class=\"elementor-spacer-inner\"><\/div>\n\t\t<\/div>\n\t\t\t\t<\/div>\n\t\t\t\t<\/div>\n\t\t\t\t\t<\/div>\n\t\t<\/div>\n\t\t\t\t\t<\/div>\n\t\t<\/section>\n\t\t\t\t<section class=\"elementor-section elementor-top-section elementor-element elementor-element-dd866d6 elementor-section-boxed elementor-section-height-default elementor-section-height-default\" data-id=\"dd866d6\" data-element_type=\"section\">\n\t\t\t\t\t\t<div class=\"elementor-container elementor-column-gap-no\">\n\t\t\t\t\t<div class=\"elementor-column elementor-col-100 elementor-top-column elementor-element elementor-element-8e605a1\" data-id=\"8e605a1\" data-element_type=\"column\">\n\t\t\t<div class=\"elementor-widget-wrap elementor-element-populated\">\n\t\t\t\t\t\t<section class=\"elementor-section elementor-inner-section elementor-element elementor-element-0eb0538 elementor-section-full_width elementor-section-height-default elementor-section-height-default\" data-id=\"0eb0538\" data-element_type=\"section\">\n\t\t\t\t\t\t<div class=\"elementor-container elementor-column-gap-extended\">\n\t\t\t\t\t<div class=\"elementor-column elementor-col-50 elementor-inner-column elementor-element elementor-element-1be8366\" data-id=\"1be8366\" data-element_type=\"column\">\n\t\t\t<div class=\"elementor-widget-wrap elementor-element-populated\">\n\t\t\t\t\t\t<div class=\"elementor-element elementor-element-b6cfd8d elementor-widget elementor-widget-heading\" data-id=\"b6cfd8d\" data-element_type=\"widget\" data-widget_type=\"heading.default\">\n\t\t\t\t<div class=\"elementor-widget-container\">\n\t\t\t<h4 class=\"elementor-heading-title elementor-size-default\">\u00c0 votre service<\/h4>\t\t<\/div>\n\t\t\t\t<\/div>\n\t\t\t\t<div class=\"elementor-element elementor-element-609af39 elementor-widget elementor-widget-text-editor\" data-id=\"609af39\" data-element_type=\"widget\" data-widget_type=\"text-editor.default\">\n\t\t\t\t<div class=\"elementor-widget-container\">\n\t\t\t\t\t\t\t\nContactez-nous via notre formulaire en ligne, par courrier, en vous rendant \u00e0 notre entrep\u00f4t, ou par t\u00e9l\u00e9phone. Nous sommes ouverts du lundi au vendredi de 9h \u00e0 17h.\t\t\t\t\t\t<\/div>\n\t\t\t\t<\/div>\n\t\t\t\t<div class=\"elementor-element elementor-element-be73808 elementor-widget elementor-widget-heading\" data-id=\"be73808\" data-element_type=\"widget\" data-widget_type=\"heading.default\">\n\t\t\t\t<div class=\"elementor-widget-container\">\n\t\t\t<h4 class=\"elementor-heading-title elementor-size-default\">T\u00e9l\u00e9phone :<\/h4>\t\t<\/div>\n\t\t\t\t<\/div>\n\t\t\t\t<div class=\"elementor-element elementor-element-5adf3ae elementor-widget elementor-widget-text-editor\" data-id=\"5adf3ae\" data-element_type=\"widget\" data-widget_type=\"text-editor.default\">\n\t\t\t\t<div class=\"elementor-widget-container\">\n\t\t\t\t\t\t\t<p>(+33) 01 75 06 15 00<\/p>\t\t\t\t\t\t<\/div>\n\t\t\t\t<\/div>\n\t\t\t\t<div class=\"elementor-element elementor-element-303a769 elementor-widget elementor-widget-heading\" data-id=\"303a769\" data-element_type=\"widget\" data-widget_type=\"heading.default\">\n\t\t\t\t<div class=\"elementor-widget-container\">\n\t\t\t<h4 class=\"elementor-heading-title elementor-size-default\">Email :<\/h4>\t\t<\/div>\n\t\t\t\t<\/div>\n\t\t\t\t<div class=\"elementor-element elementor-element-60cd65b elementor-widget elementor-widget-text-editor\" data-id=\"60cd65b\" data-element_type=\"widget\" data-widget_type=\"text-editor.default\">\n\t\t\t\t<div class=\"elementor-widget-container\">\n\t\t\t\t\t\t\t<p>104 rue Denis Papin \u2013 77550 Moissy Cramayel<\/p>\t\t\t\t\t\t<\/div>\n\t\t\t\t<\/div>\n\t\t\t\t<div class=\"elementor-element elementor-element-4ceaf95 elementor-widget elementor-widget-google_maps\" data-id=\"4ceaf95\" data-element_type=\"widget\" data-widget_type=\"google_maps.default\">\n\t\t\t\t<div class=\"elementor-widget-container\">\n\t\t\t\t\t<div class=\"elementor-custom-embed\">\n\t\t\t<iframe loading=\"lazy\"\n\t\t\t\t\tsrc=\"https:\/\/maps.google.com\/maps?q=104%20rue%20Denis%20Papin%20%E2%80%93%2077550%20Moissy%20Cramayel&#038;t=m&#038;z=15&#038;output=embed&#038;iwloc=near\"\n\t\t\t\t\ttitle=\"104 rue Denis Papin \u2013 77550 Moissy Cramayel\"\n\t\t\t\t\taria-label=\"104 rue Denis Papin \u2013 77550 Moissy Cramayel\"\n\t\t\t><\/iframe>\n\t\t<\/div>\n\t\t\t\t<\/div>\n\t\t\t\t<\/div>\n\t\t\t\t\t<\/div>\n\t\t<\/div>\n\t\t\t\t<div class=\"elementor-column elementor-col-50 elementor-inner-column elementor-element elementor-element-3ed8f02\" data-id=\"3ed8f02\" data-element_type=\"column\">\n\t\t\t<div class=\"elementor-widget-wrap elementor-element-populated\">\n\t\t\t\t\t\t<div class=\"elementor-element elementor-element-e237bf9 elementor-widget elementor-widget-spacer\" data-id=\"e237bf9\" data-element_type=\"widget\" data-widget_type=\"spacer.default\">\n\t\t\t\t<div class=\"elementor-widget-container\">\n\t\t\t\t\t<div class=\"elementor-spacer\">\n\t\t\t<div class=\"elementor-spacer-inner\"><\/div>\n\t\t<\/div>\n\t\t\t\t<\/div>\n\t\t\t\t<\/div>\n\t\t\t\t<div class=\"elementor-element elementor-element-afc07a1 elementor-widget elementor-widget-heading\" data-id=\"afc07a1\" data-element_type=\"widget\" data-widget_type=\"heading.default\">\n\t\t\t\t<div class=\"elementor-widget-container\">\n\t\t\t<h4 class=\"elementor-heading-title elementor-size-default\">Formulaire :<\/h4>\t\t<\/div>\n\t\t\t\t<\/div>\n\t\t\t\t<div class=\"elementor-element elementor-element-6e87e9b elementor-widget elementor-widget-spacer\" data-id=\"6e87e9b\" data-element_type=\"widget\" data-widget_type=\"spacer.default\">\n\t\t\t\t<div class=\"elementor-widget-container\">\n\t\t\t\t\t<div class=\"elementor-spacer\">\n\t\t\t<div class=\"elementor-spacer-inner\"><\/div>\n\t\t<\/div>\n\t\t\t\t<\/div>\n\t\t\t\t<\/div>\n\t\t\t\t<div class=\"elementor-element elementor-element-7832b0f elementor-widget elementor-widget-shortcode\" data-id=\"7832b0f\" data-element_type=\"widget\" data-widget_type=\"shortcode.default\">\n\t\t\t\t<div class=\"elementor-widget-container\">\n\t\t\t\t\t<div class=\"elementor-shortcode\">\n<div class=\"wpcf7 no-js\" id=\"wpcf7-f41-o1\" lang=\"fr-FR\" dir=\"ltr\" data-wpcf7-id=\"41\">\n<div class=\"screen-reader-response\"><p role=\"status\" aria-live=\"polite\" aria-atomic=\"true\"><\/p> <ul><\/ul><\/div>\n<form action=\"\/2023\/wp-json\/wp\/v2\/pages\/767#wpcf7-f41-o1\" method=\"post\" class=\"wpcf7-form init\" aria-label=\"Formulaire de contact\" novalidate=\"novalidate\" data-status=\"init\">\n<div style=\"display: none;\">\n<input type=\"hidden\" name=\"_wpcf7\" value=\"41\" \/>\n<input type=\"hidden\" name=\"_wpcf7_version\" value=\"6.0.1\" \/>\n<input type=\"hidden\" name=\"_wpcf7_locale\" value=\"fr_FR\" \/>\n<input type=\"hidden\" name=\"_wpcf7_unit_tag\" value=\"wpcf7-f41-o1\" \/>\n<input type=\"hidden\" name=\"_wpcf7_container_post\" value=\"0\" \/>\n<input type=\"hidden\" name=\"_wpcf7_posted_data_hash\" value=\"\" \/>\n<\/div>\n<div class=\"row\">\n\t<div class=\"form-group col-6\">\n\t\t<p><span class=\"wpcf7-form-control-wrap\" data-name=\"your-name\"><input size=\"40\" maxlength=\"400\" class=\"wpcf7-form-control wpcf7-text wpcf7-validates-as-required form-control\" aria-required=\"true\" aria-invalid=\"false\" placeholder=\"Name\" value=\"\" type=\"text\" name=\"your-name\" \/><\/span>\n\t\t<\/p>\n\t<\/div>\n\t<div class=\"form-group col-6\">\n\t\t<p><span class=\"wpcf7-form-control-wrap\" data-name=\"your-email\"><input size=\"40\" maxlength=\"400\" class=\"wpcf7-form-control wpcf7-email wpcf7-validates-as-required wpcf7-text wpcf7-validates-as-email form-control\" aria-required=\"true\" aria-invalid=\"false\" placeholder=\"Email\" value=\"\" type=\"email\" name=\"your-email\" \/><\/span>\n\t\t<\/p>\n\t<\/div>\n\t<div class=\"form-group col-12\">\n\t\t<p><span class=\"wpcf7-form-control-wrap\" data-name=\"your-subject\"><input size=\"40\" maxlength=\"400\" class=\"wpcf7-form-control wpcf7-text form-control\" aria-invalid=\"false\" placeholder=\"Title\" value=\"\" type=\"text\" name=\"your-subject\" \/><\/span>\n\t\t<\/p>\n\t<\/div>\n\t<div class=\"form-group col-12\">\n\t\t<p><span class=\"wpcf7-form-control-wrap\" data-name=\"message\"><textarea cols=\"40\" rows=\"10\" maxlength=\"2000\" class=\"wpcf7-form-control wpcf7-textarea form-control\" aria-invalid=\"false\" placeholder=\"Message\" name=\"message\"><\/textarea><\/span>\n\t\t<\/p>\n\t<\/div>\n\t<div class=\"ms-cf--bottom\">\n\t\t<p><input class=\"wpcf7-form-control wpcf7-submit has-spinner btn\" type=\"submit\" value=\"Envoyer\" \/>\n\t\t<\/p>\n\t<\/div>\n<\/div><div class=\"wpcf7-response-output\" aria-hidden=\"true\"><\/div>\n<\/form>\n<\/div>\n<\/div>\n\t\t\t\t<\/div>\n\t\t\t\t<\/div>\n\t\t\t\t<div class=\"elementor-element elementor-element-8fb2571 elementor-widget elementor-widget-spacer\" data-id=\"8fb2571\" data-element_type=\"widget\" data-widget_type=\"spacer.default\">\n\t\t\t\t<div class=\"elementor-widget-container\">\n\t\t\t\t\t<div class=\"elementor-spacer\">\n\t\t\t<div class=\"elementor-spacer-inner\"><\/div>\n\t\t<\/div>\n\t\t\t\t<\/div>\n\t\t\t\t<\/div>\n\t\t\t\t\t<\/div>\n\t\t<\/div>\n\t\t\t\t\t<\/div>\n\t\t<\/section>\n\t\t\t\t\t<\/div>\n\t\t<\/div>\n\t\t\t\t\t<\/div>\n\t\t<\/section>\n\t\t\t\t<\/div>\n\t\t","protected":false},"excerpt":{"rendered":"<p>Nous contacter Communiquez avec nous \u00c0 votre service Contactez-nous via notre formulaire en ligne, par courrier, en vous rendant \u00e0 notre entrep\u00f4t, ou par [&hellip;]<\/p>\n","protected":false},"author":1,"featured_media":0,"parent":0,"menu_order":0,"comment_status":"closed","ping_status":"closed","template":"page-custom.php","meta":{"footnotes":""},"class_list":["post-767","page","type-page","status-publish","hentry"],"acf":{"full_width":true,"header_transparent":true,"header_white":true},"yoast_head":"<!-- This site is optimized with the Yoast SEO plugin v24.0 - https:\/\/yoast.com\/wordpress\/plugins\/seo\/ -->\n<title>Service client - Crosslog International<\/title>\n<meta name=\"description\" content=\"Contactez-nous facilement ! Formulaire en ligne, courrier, t\u00e9l\u00e9phone ou rendez-nous visite. Notre service client est a votre \u00e9coute.\" \/>\n<meta name=\"robots\" content=\"index, follow, max-snippet:-1, max-image-preview:large, max-video-preview:-1\" \/>\n<link rel=\"canonical\" href=\"https:\/\/crosslog.com\/2023\/service-client\/\" \/>\n<meta property=\"og:locale\" content=\"fr_FR\" \/>\n<meta property=\"og:type\" content=\"article\" \/>\n<meta property=\"og:title\" content=\"Service client - Crosslog International\" \/>\n<meta property=\"og:description\" content=\"Contactez-nous facilement ! Formulaire en ligne, courrier, t\u00e9l\u00e9phone ou rendez-nous visite. Notre service client est a votre \u00e9coute.\" \/>\n<meta property=\"og:url\" content=\"https:\/\/crosslog.com\/2023\/service-client\/\" \/>\n<meta property=\"og:site_name\" content=\"Crosslog International\" \/>\n<meta property=\"article:modified_time\" content=\"2024-12-01T23:18:37+00:00\" \/>\n<meta name=\"twitter:card\" content=\"summary_large_image\" \/>\n<meta name=\"twitter:label1\" content=\"Dur\u00e9e de lecture estim\u00e9e\" \/>\n\t<meta name=\"twitter:data1\" content=\"1 minute\" \/>\n<script type=\"application\/ld+json\" class=\"yoast-schema-graph\">{\"@context\":\"https:\/\/schema.org\",\"@graph\":[{\"@type\":\"WebPage\",\"@id\":\"https:\/\/crosslog.com\/2023\/service-client\/\",\"url\":\"https:\/\/crosslog.com\/2023\/service-client\/\",\"name\":\"Service client - Crosslog International\",\"isPartOf\":{\"@id\":\"https:\/\/crosslog.com\/2023\/#website\"},\"datePublished\":\"2022-10-07T09:51:57+00:00\",\"dateModified\":\"2024-12-01T23:18:37+00:00\",\"description\":\"Contactez-nous facilement ! Formulaire en ligne, courrier, t\u00e9l\u00e9phone ou rendez-nous visite. Notre service client est a votre \u00e9coute.\",\"breadcrumb\":{\"@id\":\"https:\/\/crosslog.com\/2023\/service-client\/#breadcrumb\"},\"inLanguage\":\"fr-FR\",\"potentialAction\":[{\"@type\":\"ReadAction\",\"target\":[\"https:\/\/crosslog.com\/2023\/service-client\/\"]}]},{\"@type\":\"BreadcrumbList\",\"@id\":\"https:\/\/crosslog.com\/2023\/service-client\/#breadcrumb\",\"itemListElement\":[{\"@type\":\"ListItem\",\"position\":1,\"name\":\"Accueil\",\"item\":\"https:\/\/crosslog.com\/2023\/\"},{\"@type\":\"ListItem\",\"position\":2,\"name\":\"Contact\"}]},{\"@type\":\"WebSite\",\"@id\":\"https:\/\/crosslog.com\/2023\/#website\",\"url\":\"https:\/\/crosslog.com\/2023\/\",\"name\":\"Crosslog International\",\"description\":\"Votre Partenaire Strat\u00e9gique en Logistique E-commerce et Omnicanal\",\"potentialAction\":[{\"@type\":\"SearchAction\",\"target\":{\"@type\":\"EntryPoint\",\"urlTemplate\":\"https:\/\/crosslog.com\/2023\/?s={search_term_string}\"},\"query-input\":{\"@type\":\"PropertyValueSpecification\",\"valueRequired\":true,\"valueName\":\"search_term_string\"}}],\"inLanguage\":\"fr-FR\"}]}<\/script>\n<!-- \/ Yoast SEO plugin. -->","yoast_head_json":{"title":"Service client - Crosslog International","description":"Contactez-nous facilement ! Formulaire en ligne, courrier, t\u00e9l\u00e9phone ou rendez-nous visite. Notre service client est a votre \u00e9coute.","robots":{"index":"index","follow":"follow","max-snippet":"max-snippet:-1","max-image-preview":"max-image-preview:large","max-video-preview":"max-video-preview:-1"},"canonical":"https:\/\/crosslog.com\/2023\/service-client\/","og_locale":"fr_FR","og_type":"article","og_title":"Service client - Crosslog International","og_description":"Contactez-nous facilement ! Formulaire en ligne, courrier, t\u00e9l\u00e9phone ou rendez-nous visite. Notre service client est a votre \u00e9coute.","og_url":"https:\/\/crosslog.com\/2023\/service-client\/","og_site_name":"Crosslog International","article_modified_time":"2024-12-01T23:18:37+00:00","twitter_card":"summary_large_image","twitter_misc":{"Dur\u00e9e de lecture estim\u00e9e":"1 minute"},"schema":{"@context":"https:\/\/schema.org","@graph":[{"@type":"WebPage","@id":"https:\/\/crosslog.com\/2023\/service-client\/","url":"https:\/\/crosslog.com\/2023\/service-client\/","name":"Service client - Crosslog International","isPartOf":{"@id":"https:\/\/crosslog.com\/2023\/#website"},"datePublished":"2022-10-07T09:51:57+00:00","dateModified":"2024-12-01T23:18:37+00:00","description":"Contactez-nous facilement ! Formulaire en ligne, courrier, t\u00e9l\u00e9phone ou rendez-nous visite. Notre service client est a votre \u00e9coute.","breadcrumb":{"@id":"https:\/\/crosslog.com\/2023\/service-client\/#breadcrumb"},"inLanguage":"fr-FR","potentialAction":[{"@type":"ReadAction","target":["https:\/\/crosslog.com\/2023\/service-client\/"]}]},{"@type":"BreadcrumbList","@id":"https:\/\/crosslog.com\/2023\/service-client\/#breadcrumb","itemListElement":[{"@type":"ListItem","position":1,"name":"Accueil","item":"https:\/\/crosslog.com\/2023\/"},{"@type":"ListItem","position":2,"name":"Contact"}]},{"@type":"WebSite","@id":"https:\/\/crosslog.com\/2023\/#website","url":"https:\/\/crosslog.com\/2023\/","name":"Crosslog International","description":"Votre Partenaire Strat\u00e9gique en Logistique E-commerce et Omnicanal","potentialAction":[{"@type":"SearchAction","target":{"@type":"EntryPoint","urlTemplate":"https:\/\/crosslog.com\/2023\/?s={search_term_string}"},"query-input":{"@type":"PropertyValueSpecification","valueRequired":true,"valueName":"search_term_string"}}],"inLanguage":"fr-FR"}]}},"_links":{"self":[{"href":"https:\/\/crosslog.com\/2023\/wp-json\/wp\/v2\/pages\/767","targetHints":{"allow":["GET"]}}],"collection":[{"href":"https:\/\/crosslog.com\/2023\/wp-json\/wp\/v2\/pages"}],"about":[{"href":"https:\/\/crosslog.com\/2023\/wp-json\/wp\/v2\/types\/page"}],"author":[{"embeddable":true,"href":"https:\/\/crosslog.com\/2023\/wp-json\/wp\/v2\/users\/1"}],"replies":[{"embeddable":true,"href":"https:\/\/crosslog.com\/2023\/wp-json\/wp\/v2\/comments?post=767"}],"version-history":[{"count":56,"href":"https:\/\/crosslog.com\/2023\/wp-json\/wp\/v2\/pages\/767\/revisions"}],"predecessor-version":[{"id":5443,"href":"https:\/\/crosslog.com\/2023\/wp-json\/wp\/v2\/pages\/767\/revisions\/5443"}],"wp:attachment":[{"href":"https:\/\/crosslog.com\/2023\/wp-json\/wp\/v2\/media?parent=767"}],"curies":[{"name":"wp","href":"https:\/\/api.w.org\/{rel}","templated":true}]}}