{"id":5307,"date":"2023-12-14T15:32:12","date_gmt":"2023-12-14T15:32:12","guid":{"rendered":"https:\/\/crosslog.com\/2023\/?page_id=5307"},"modified":"2024-11-29T09:54:38","modified_gmt":"2024-11-29T09:54:38","slug":"cookies-crosslog-international","status":"publish","type":"page","link":"https:\/\/crosslog.com\/2023\/cookies-crosslog-international\/","title":{"rendered":""},"content":{"rendered":"\t\t<div data-elementor-type=\"wp-page\" data-elementor-id=\"5307\" class=\"elementor elementor-5307\">\n\t\t\t\t\t\t<section class=\"elementor-section elementor-top-section elementor-element elementor-element-2520a1d elementor-section-height-min-height elementor-section-boxed elementor-section-height-default elementor-section-items-middle\" data-id=\"2520a1d\" data-element_type=\"section\" data-settings=\"{&quot;background_background&quot;:&quot;classic&quot;}\">\n\t\t\t\t\t\t<div class=\"elementor-container elementor-column-gap-default\">\n\t\t\t\t\t<div class=\"elementor-column elementor-col-100 elementor-top-column elementor-element elementor-element-8d10b16\" data-id=\"8d10b16\" data-element_type=\"column\">\n\t\t\t<div class=\"elementor-widget-wrap elementor-element-populated\">\n\t\t\t\t\t\t<section class=\"elementor-section elementor-inner-section elementor-element elementor-element-a4a1d61 elementor-section-full_width elementor-section-height-default elementor-section-height-default\" data-id=\"a4a1d61\" data-element_type=\"section\">\n\t\t\t\t\t\t<div class=\"elementor-container elementor-column-gap-default\">\n\t\t\t\t\t<div class=\"elementor-column elementor-col-50 elementor-inner-column elementor-element elementor-element-23bf981\" data-id=\"23bf981\" data-element_type=\"column\">\n\t\t\t<div class=\"elementor-widget-wrap elementor-element-populated\">\n\t\t\t\t\t\t<div class=\"elementor-element elementor-element-7348b69 elementor-widget elementor-widget-heading\" data-id=\"7348b69\" data-element_type=\"widget\" data-widget_type=\"heading.default\">\n\t\t\t\t<div class=\"elementor-widget-container\">\n\t\t\t<h2 class=\"elementor-heading-title elementor-size-default\">Politique des Cookies\n<\/h2>\t\t<\/div>\n\t\t\t\t<\/div>\n\t\t\t\t<div class=\"elementor-element elementor-element-d57a2b6 elementor-hidden-tablet elementor-hidden-mobile elementor-widget elementor-widget-heading\" data-id=\"d57a2b6\" data-element_type=\"widget\" data-widget_type=\"heading.default\">\n\t\t\t\t<div class=\"elementor-widget-container\">\n\t\t\t<h2 class=\"elementor-heading-title elementor-size-default\">Crosslog International<\/h2>\t\t<\/div>\n\t\t\t\t<\/div>\n\t\t\t\t<div class=\"elementor-element elementor-element-2bec290 elementor-widget elementor-widget-text-editor\" data-id=\"2bec290\" data-element_type=\"widget\" data-widget_type=\"text-editor.default\">\n\t\t\t\t<div class=\"elementor-widget-container\">\n\t\t\t\t\t\t\t<p>Derni\u00e8re mise \u00e0 jour : 27 f\u00e9vrier 2024<\/p>\t\t\t\t\t\t<\/div>\n\t\t\t\t<\/div>\n\t\t\t\t\t<\/div>\n\t\t<\/div>\n\t\t\t\t<div class=\"elementor-column elementor-col-50 elementor-inner-column elementor-element elementor-element-ba27e0f\" data-id=\"ba27e0f\" data-element_type=\"column\">\n\t\t\t<div class=\"elementor-widget-wrap\">\n\t\t\t\t\t\t\t<\/div>\n\t\t<\/div>\n\t\t\t\t\t<\/div>\n\t\t<\/section>\n\t\t\t\t\t<\/div>\n\t\t<\/div>\n\t\t\t\t\t<\/div>\n\t\t<\/section>\n\t\t\t\t<section class=\"elementor-section elementor-top-section elementor-element elementor-element-45b58ea elementor-section-boxed elementor-section-height-default elementor-section-height-default\" data-id=\"45b58ea\" data-element_type=\"section\">\n\t\t\t\t\t\t<div class=\"elementor-container elementor-column-gap-default\">\n\t\t\t\t\t<div class=\"elementor-column elementor-col-100 elementor-top-column elementor-element elementor-element-7274d06\" data-id=\"7274d06\" data-element_type=\"column\">\n\t\t\t<div class=\"elementor-widget-wrap elementor-element-populated\">\n\t\t\t\t\t\t<div class=\"elementor-element elementor-element-13cad92 elementor-widget elementor-widget-text-editor\" data-id=\"13cad92\" data-element_type=\"widget\" data-widget_type=\"text-editor.default\">\n\t\t\t\t<div class=\"elementor-widget-container\">\n\t\t\t\t\t\t\tConform\u00e9ment \u00e0 la loi, nous vous informons que ce site a fait l\u2019objet d\u2019une d\u00e9claration de traitement automatis\u00e9 d\u2019informations nominatives aupr\u00e8s de la CNIL (D\u00e9claration n\u00b0 1412371).\nLoi du 6 janvier 1978 relative \u00e0 l\u2019informatique et aux libert\u00e9s :\n<br><br>\nConform\u00e9ment \u00e0 la loi n\u00b0 78-17 du 6 janvier 1978, vous pouvez \u00e0 tout moment acc\u00e9der aux informations personnelles vous concernant et d\u00e9tenues par Crosslog, demander leur modification ou leur suppression (par l\u2019utilisation de notre formulaire de contact). Ainsi, vous pouvez, \u00e0 titre irr\u00e9vocable, demander que soient rectifi\u00e9es, compl\u00e9t\u00e9es, clarifi\u00e9es, mises \u00e0 jour ou effac\u00e9es les informations vous concernant qui sont inexactes, incompl\u00e8tes, \u00e9quivoques, p\u00e9rim\u00e9es ou dont la collecte ou l\u2019utilisation, la communication ou la conservation est interdite.\n<br>\n<br>\nLoi du 1er ao\u00fbt 2000 relative \u00e0 la libert\u00e9 de communication (modifiant la loi du 30 septembre 1986) :\n<br>\n<br>\nLe site Internet www.crosslog.com est \u00e9dit\u00e9, h\u00e9berg\u00e9 et mis \u00e0 jour par la soci\u00e9t\u00e9 Crosslog.\n<br>\n<br>\n<strong>Recueil d\u2019informations \u00e0 caract\u00e8re nominatif<\/strong>\n<br>\n<br>\nEn vertu de la loi informatique et libert\u00e9s du 6 janvier 1978, nous vous informons que les donn\u00e9es \u00e0 caract\u00e8re nominatif recueillies aupr\u00e8s des internautes par l\u2019interm\u00e9diaire d\u2019un formulaire sur www.crosslog.com ne sauraient, en aucun cas, \u00eatre transmises, \u00e0 titre gratuit ou on\u00e9reux, \u00e0 des tierces personnes physiques ou morales.\n<br>\n<br>\n<strong>Titularit\u00e9 des droits<\/strong>\n<br>\n<br>\nTous les \u00e9l\u00e9ments de ce site Internet (notamment les marques d\u00e9pos\u00e9es, noms de domaine, les titres de rubriques, graphismes, sons, photos et animations) sont la propri\u00e9t\u00e9 des \u00e9diteurs de ce site, \u00e0 l\u2019exclusion des \u00e9l\u00e9ments \u00e9manant de partenaires de Crosslog.\n<br>\n<br>\nLa protection du site www.crosslog.com rel\u00e8ve, par cons\u00e9quent, des l\u00e9gislations nationales et internationales relatives au droit de la propri\u00e9t\u00e9 intellectuelle.\n<br>\n<br>\nD\u00e8s lors, toute reproduction et\/ou repr\u00e9sentation et\/ou rediffusion, en tout ou partie, sur tout support \u00e9lectronique ou non, pr\u00e9sent ou futur, sont interdites sauf autorisation expresse et pr\u00e9alable.\n<br>\n<br>\nLe non-respect de cette interdiction est susceptible de constituer un acte de contrefa\u00e7on engageant les responsabilit\u00e9s civile et p\u00e9nale de tout contrevenant.\n<br>\n<br>\nDe m\u00eame, les bases de donn\u00e9es d\u2019informations sont prot\u00e9g\u00e9es au titre du droit applicable aux compilations de donn\u00e9es. De sorte que toute extraction ou tentative d\u2019extraction, fut-elle totale ou partielle, est susceptible d\u2019engager les responsabilit\u00e9s civile et p\u00e9nale de tout contrevenant.\n<br>\n<br>\n<strong>Mise en place de liens hypertexte<\/strong>\n<br>\n<br>\nNous vous informons que crosslog.com autorise tout site Internet ou tout autre support \u00e0 citer crosslog.com ou \u00e0 mettre en place un lien hypertexte pointant vers l\u2019adresse www.crosslog.com.\n<br>\n<br>\nL\u2019autorisation de mise en place d\u2019un lien est valable pour tout support, \u00e0 l\u2019exception de ceux diffusant des informations \u00e0 caract\u00e8re politique, religieux, pornographique, x\u00e9nophobe ou pouvant porter atteinte \u00e0 la sensibilit\u00e9 du plus grand nombre.\n<br>\n<br>\nAu titre de cette autorisation, notre \u00e9quipe se r\u00e9serve un droit d\u2019opposition.\n<br>\n<br>\nEn outre, dans le cadre de la mise en place d\u2019un lien hypertexte sur votre site, nous vous accordons \u00e9galement le droit de reproduire notre logo dans la seule limite de la mise en place dudit lien et du r\u00e9f\u00e9rencement de Crosslog. A ce titre, le format et la charte du logo devront \u00eatre respect\u00e9s.\n<br>\n<br>\nLe logos de CrossLog est disponibles \u00e0 cette adresse : <a href=\"https:\/\/crosslog.com\/crosslog_svg.svg\" target=\"_blank\" rel=\"noopener\">https:\/\/crosslog.com\/crosslog_svg.svg<\/a>\n<br>\n<br>\nLien hypertexte \u00e0 int\u00e9grer : <strong><a href=\"https:\/\/crosslog.com\">https:\/\/crosslog.com<\/a><\/strong>\t\t\t\t\t\t<\/div>\n\t\t\t\t<\/div>\n\t\t\t\t\t<\/div>\n\t\t<\/div>\n\t\t\t\t\t<\/div>\n\t\t<\/section>\n\t\t\t\t<\/div>\n\t\t","protected":false},"excerpt":{"rendered":"<p>Politique des Cookies Crosslog International Derni\u00e8re mise \u00e0 jour : 27 f\u00e9vrier 2024 Conform\u00e9ment \u00e0 la loi, nous vous informons que ce site a [&hellip;]<\/p>\n","protected":false},"author":1,"featured_media":0,"parent":0,"menu_order":0,"comment_status":"closed","ping_status":"closed","template":"","meta":{"footnotes":""},"class_list":["post-5307","page","type-page","status-publish","hentry"],"acf":{"full_width":true,"header_transparent":false,"header_white":false},"yoast_head":"<!-- This site is optimized with the Yoast SEO plugin v24.0 - https:\/\/yoast.com\/wordpress\/plugins\/seo\/ -->\n<title>Cookies et collecte de donn\u00e9es personnelles - Crosslog International<\/title>\n<meta name=\"description\" content=\"D\u00e9couvrez la politique des cookies de Crosslog International et la gestion de vos donn\u00e9es personnelles, conform\u00e9ment au RGPD\" \/>\n<meta name=\"robots\" content=\"index, follow, max-snippet:-1, max-image-preview:large, max-video-preview:-1\" \/>\n<link rel=\"canonical\" href=\"https:\/\/crosslog.com\/2023\/cookies-crosslog-international\/\" \/>\n<meta property=\"og:locale\" content=\"fr_FR\" \/>\n<meta property=\"og:type\" content=\"article\" \/>\n<meta property=\"og:title\" content=\"Cookies et collecte de donn\u00e9es personnelles - Crosslog International\" \/>\n<meta property=\"og:description\" content=\"D\u00e9couvrez la politique des cookies de Crosslog International et la gestion de vos donn\u00e9es personnelles, conform\u00e9ment au RGPD\" \/>\n<meta property=\"og:url\" content=\"https:\/\/crosslog.com\/2023\/cookies-crosslog-international\/\" \/>\n<meta property=\"og:site_name\" content=\"Crosslog International\" \/>\n<meta property=\"article:modified_time\" content=\"2024-11-29T09:54:38+00:00\" \/>\n<meta name=\"twitter:card\" content=\"summary_large_image\" \/>\n<meta name=\"twitter:label1\" content=\"Dur\u00e9e de lecture estim\u00e9e\" \/>\n\t<meta name=\"twitter:data1\" content=\"3 minutes\" \/>\n<script type=\"application\/ld+json\" class=\"yoast-schema-graph\">{\"@context\":\"https:\/\/schema.org\",\"@graph\":[{\"@type\":\"WebPage\",\"@id\":\"https:\/\/crosslog.com\/2023\/cookies-crosslog-international\/\",\"url\":\"https:\/\/crosslog.com\/2023\/cookies-crosslog-international\/\",\"name\":\"Cookies et collecte de donn\u00e9es personnelles - Crosslog International\",\"isPartOf\":{\"@id\":\"https:\/\/crosslog.com\/2023\/#website\"},\"datePublished\":\"2023-12-14T15:32:12+00:00\",\"dateModified\":\"2024-11-29T09:54:38+00:00\",\"description\":\"D\u00e9couvrez la politique des cookies de Crosslog International et la gestion de vos donn\u00e9es personnelles, conform\u00e9ment au RGPD\",\"inLanguage\":\"fr-FR\",\"potentialAction\":[{\"@type\":\"ReadAction\",\"target\":[\"https:\/\/crosslog.com\/2023\/cookies-crosslog-international\/\"]}]},{\"@type\":\"WebSite\",\"@id\":\"https:\/\/crosslog.com\/2023\/#website\",\"url\":\"https:\/\/crosslog.com\/2023\/\",\"name\":\"Crosslog International\",\"description\":\"Votre Partenaire Strat\u00e9gique en Logistique E-commerce et Omnicanal\",\"potentialAction\":[{\"@type\":\"SearchAction\",\"target\":{\"@type\":\"EntryPoint\",\"urlTemplate\":\"https:\/\/crosslog.com\/2023\/?s={search_term_string}\"},\"query-input\":{\"@type\":\"PropertyValueSpecification\",\"valueRequired\":true,\"valueName\":\"search_term_string\"}}],\"inLanguage\":\"fr-FR\"}]}<\/script>\n<!-- \/ Yoast SEO plugin. -->","yoast_head_json":{"title":"Cookies et collecte de donn\u00e9es personnelles - Crosslog International","description":"D\u00e9couvrez la politique des cookies de Crosslog International et la gestion de vos donn\u00e9es personnelles, conform\u00e9ment au RGPD","robots":{"index":"index","follow":"follow","max-snippet":"max-snippet:-1","max-image-preview":"max-image-preview:large","max-video-preview":"max-video-preview:-1"},"canonical":"https:\/\/crosslog.com\/2023\/cookies-crosslog-international\/","og_locale":"fr_FR","og_type":"article","og_title":"Cookies et collecte de donn\u00e9es personnelles - Crosslog International","og_description":"D\u00e9couvrez la politique des cookies de Crosslog International et la gestion de vos donn\u00e9es personnelles, conform\u00e9ment au RGPD","og_url":"https:\/\/crosslog.com\/2023\/cookies-crosslog-international\/","og_site_name":"Crosslog International","article_modified_time":"2024-11-29T09:54:38+00:00","twitter_card":"summary_large_image","twitter_misc":{"Dur\u00e9e de lecture estim\u00e9e":"3 minutes"},"schema":{"@context":"https:\/\/schema.org","@graph":[{"@type":"WebPage","@id":"https:\/\/crosslog.com\/2023\/cookies-crosslog-international\/","url":"https:\/\/crosslog.com\/2023\/cookies-crosslog-international\/","name":"Cookies et collecte de donn\u00e9es personnelles - Crosslog International","isPartOf":{"@id":"https:\/\/crosslog.com\/2023\/#website"},"datePublished":"2023-12-14T15:32:12+00:00","dateModified":"2024-11-29T09:54:38+00:00","description":"D\u00e9couvrez la politique des cookies de Crosslog International et la gestion de vos donn\u00e9es personnelles, conform\u00e9ment au RGPD","inLanguage":"fr-FR","potentialAction":[{"@type":"ReadAction","target":["https:\/\/crosslog.com\/2023\/cookies-crosslog-international\/"]}]},{"@type":"WebSite","@id":"https:\/\/crosslog.com\/2023\/#website","url":"https:\/\/crosslog.com\/2023\/","name":"Crosslog International","description":"Votre Partenaire Strat\u00e9gique en Logistique E-commerce et Omnicanal","potentialAction":[{"@type":"SearchAction","target":{"@type":"EntryPoint","urlTemplate":"https:\/\/crosslog.com\/2023\/?s={search_term_string}"},"query-input":{"@type":"PropertyValueSpecification","valueRequired":true,"valueName":"search_term_string"}}],"inLanguage":"fr-FR"}]}},"_links":{"self":[{"href":"https:\/\/crosslog.com\/2023\/wp-json\/wp\/v2\/pages\/5307","targetHints":{"allow":["GET"]}}],"collection":[{"href":"https:\/\/crosslog.com\/2023\/wp-json\/wp\/v2\/pages"}],"about":[{"href":"https:\/\/crosslog.com\/2023\/wp-json\/wp\/v2\/types\/page"}],"author":[{"embeddable":true,"href":"https:\/\/crosslog.com\/2023\/wp-json\/wp\/v2\/users\/1"}],"replies":[{"embeddable":true,"href":"https:\/\/crosslog.com\/2023\/wp-json\/wp\/v2\/comments?post=5307"}],"version-history":[{"count":7,"href":"https:\/\/crosslog.com\/2023\/wp-json\/wp\/v2\/pages\/5307\/revisions"}],"predecessor-version":[{"id":6203,"href":"https:\/\/crosslog.com\/2023\/wp-json\/wp\/v2\/pages\/5307\/revisions\/6203"}],"wp:attachment":[{"href":"https:\/\/crosslog.com\/2023\/wp-json\/wp\/v2\/media?parent=5307"}],"curies":[{"name":"wp","href":"https:\/\/api.w.org\/{rel}","templated":true}]}}