{"id":148,"date":"2022-08-23T10:37:56","date_gmt":"2022-08-23T10:37:56","guid":{"rendered":"https:\/\/theme.madsparrow.me\/most\/?page_id=148"},"modified":"2024-12-01T21:57:44","modified_gmt":"2024-12-01T21:57:44","slug":"actualites-blog","status":"publish","type":"page","link":"https:\/\/crosslog.com\/2023\/actualites-blog\/","title":{"rendered":"Actualit\u00e9s"},"content":{"rendered":"\t\t<div data-elementor-type=\"wp-page\" data-elementor-id=\"148\" class=\"elementor elementor-148\">\n\t\t\t\t\t\t<section class=\"elementor-section elementor-top-section elementor-element elementor-element-0f44892 elementor-section-height-min-height elementor-section-boxed elementor-section-height-default elementor-section-items-middle\" data-id=\"0f44892\" data-element_type=\"section\" data-settings=\"{&quot;background_background&quot;:&quot;video&quot;,&quot;background_video_link&quot;:&quot;https:\\\/\\\/crosslog.com\\\/2023\\\/wp-content\\\/uploads\\\/2023\\\/09\\\/loop-transmitting-of-packaging-box-on-the-conveyor-2022-08-04-12-33-36-utc.webm&quot;}\">\n\t\t\t\t\t\t\t\t<div class=\"elementor-background-video-container elementor-hidden-mobile\">\n\t\t\t\t\t\t\t\t\t\t\t\t\t<video class=\"elementor-background-video-hosted elementor-html5-video\" autoplay muted playsinline loop><\/video>\n\t\t\t\t\t\t\t\t\t\t\t<\/div>\n\t\t\t\t\t\t\t\t\t<div class=\"elementor-background-overlay\"><\/div>\n\t\t\t\t\t\t\t<div class=\"elementor-container elementor-column-gap-extended\">\n\t\t\t\t\t<div class=\"elementor-column elementor-col-100 elementor-top-column elementor-element elementor-element-f978a52\" data-id=\"f978a52\" data-element_type=\"column\">\n\t\t\t<div class=\"elementor-widget-wrap elementor-element-populated\">\n\t\t\t\t\t\t<div class=\"elementor-element elementor-element-c6e38a6 elementor-widget elementor-widget-heading\" data-id=\"c6e38a6\" data-element_type=\"widget\" data-widget_type=\"heading.default\">\n\t\t\t\t<div class=\"elementor-widget-container\">\n\t\t\t<h2 class=\"elementor-heading-title elementor-size-default\">Actualit\u00e9s<\/h2>\t\t<\/div>\n\t\t\t\t<\/div>\n\t\t\t\t<div class=\"elementor-element elementor-element-67d76ab elementor-widget elementor-widget-heading\" data-id=\"67d76ab\" data-element_type=\"widget\" data-widget_type=\"heading.default\">\n\t\t\t\t<div class=\"elementor-widget-container\">\n\t\t\t<h1 class=\"elementor-heading-title elementor-size-default\">Flash Info<br>Crosslog<\/h1>\t\t<\/div>\n\t\t\t\t<\/div>\n\t\t\t\t\t<\/div>\n\t\t<\/div>\n\t\t\t\t\t<\/div>\n\t\t<\/section>\n\t\t\t\t<section class=\"elementor-section elementor-top-section elementor-element elementor-element-6987337 elementor-section-boxed elementor-section-height-default elementor-section-height-default\" data-id=\"6987337\" data-element_type=\"section\">\n\t\t\t\t\t\t<div class=\"elementor-container elementor-column-gap-extended\">\n\t\t\t\t\t<div class=\"elementor-column elementor-col-100 elementor-top-column elementor-element elementor-element-c65574d\" data-id=\"c65574d\" data-element_type=\"column\">\n\t\t\t<div class=\"elementor-widget-wrap elementor-element-populated\">\n\t\t\t\t\t\t<div class=\"elementor-element elementor-element-a5657fb elementor-widget elementor-widget-ms_posts\" data-id=\"a5657fb\" data-element_type=\"widget\" data-widget_type=\"ms_posts.default\">\n\t\t\t\t<div class=\"elementor-widget-container\">\n\t\t\t\t\t\r\n\t\t<div class=\"ms-posts--wrap\">\r\n\t\t\t<div class=\"row ms-posts--card\" id=\"a5657fb\" data-order=\"\">\r\n\r\n\t\t\t\t\t\r\n\r\n\t\t\t\t\t\t\r\n<article id=\"post-7699\" class=\"grid-item col-sm-12 col-md-6 col-lg-4 post-7699 post type-post status-publish format-standard hentry category-non-classifiee\">\r\n\r\n    \r\n    <div class=\"post-meta-cont\">\r\n\r\n      <div class=\"post-header\">\r\n                                  <div class=\"post-category\"><ul class=\"post-categories\">\n\t<li><a href=\"https:\/\/crosslog.com\/2023\/en\/category\/non-classifiee\/\" rel=\"category tag\">Non classifi\u00e9(e)<\/a><\/li><\/ul><\/div>\r\n      <\/div>\r\n\r\n      <a href=\"https:\/\/crosslog.com\/2023\/la-logistique-durable-etat-des-lieux-et-innovations-en-2025\/\" aria-label=\"La logistique durable : \u00e9tat des lieux et innovations en 2025\">\r\n        <h3>La logistique durable : \u00e9tat des lieux et innovations en 2025<\/h3>\r\n      <\/a>\r\n      \r\n              <p class=\"post-excerpt\">La logistique durable est devenue une n\u00e9cessit\u00e9 face aux enjeux environnementaux. \u00c0 l\u2019approche de la...<\/p>            \r\n      <div class=\"post-meta-footer\">\r\n        <span class=\"post-footer--author\">\r\n          <img decoding=\"async\" src=\"https:\/\/secure.gravatar.com\/avatar\/cd4b95573ed32d05637dde4e974ccd55ef6adbc6716731a14c662c1241093425?s=45&d=mm&r=g\" alt=\"Milano Sinbandhith\">\r\n          <div class=\"post-meta__info\">\r\n            <span class=\"post-meta__author\">Milano Sinbandhith<\/span>\r\n            <div class=\"card__footer\">\r\n              <span class=\"post-meta__date\">Mai 30, 2025<\/span>\r\n              <span class=\"ms-p--ttr\">2 min read<\/span>\r\n            <\/div>\r\n          <\/div>\r\n        <\/span>\r\n      <\/div>\r\n    <\/div>\r\n<\/article>\r\n\r\n\t\t\t\t\t\r\n\r\n\t\t\t\t\t\t\r\n<article id=\"post-8009\" class=\"grid-item col-sm-12 col-md-6 col-lg-4 post-8009 post type-post status-publish format-standard hentry category-e-commerce category-non-classifiee\">\r\n\r\n    \r\n    <div class=\"post-meta-cont\">\r\n\r\n      <div class=\"post-header\">\r\n                                  <div class=\"post-category\"><ul class=\"post-categories\">\n\t<li><a href=\"https:\/\/crosslog.com\/2023\/category\/e-commerce\/\" rel=\"category tag\">E-Commerce<\/a><\/li>\n\t<li><a href=\"https:\/\/crosslog.com\/2023\/en\/category\/non-classifiee\/\" rel=\"category tag\">Non classifi\u00e9(e)<\/a><\/li><\/ul><\/div>\r\n      <\/div>\r\n\r\n      <a href=\"https:\/\/crosslog.com\/2023\/gestion-des-pics-dete-anticiper-pour-mieux-performer\/\" aria-label=\"Gestion des pics d\u2019\u00e9t\u00e9 : anticiper pour mieux performer\">\r\n        <h3>Gestion des pics d\u2019\u00e9t\u00e9 : anticiper pour mieux performer<\/h3>\r\n      <\/a>\r\n      \r\n              <p class=\"post-excerpt\">Chaque \u00e9t\u00e9, la gestion des pics d&rsquo;activit\u00e9 logistique en \u00e9t\u00e9 devient un enjeu majeur pour les...<\/p>            \r\n      <div class=\"post-meta-footer\">\r\n        <span class=\"post-footer--author\">\r\n          <img decoding=\"async\" src=\"https:\/\/secure.gravatar.com\/avatar\/cd4b95573ed32d05637dde4e974ccd55ef6adbc6716731a14c662c1241093425?s=45&d=mm&r=g\" alt=\"Milano Sinbandhith\">\r\n          <div class=\"post-meta__info\">\r\n            <span class=\"post-meta__author\">Milano Sinbandhith<\/span>\r\n            <div class=\"card__footer\">\r\n              <span class=\"post-meta__date\">Mai 28, 2025<\/span>\r\n              <span class=\"ms-p--ttr\">2 min read<\/span>\r\n            <\/div>\r\n          <\/div>\r\n        <\/span>\r\n      <\/div>\r\n    <\/div>\r\n<\/article>\r\n\r\n\t\t\t\t\t\r\n\r\n\t\t\t\t\t\t\r\n<article id=\"post-7999\" class=\"grid-item col-sm-12 col-md-6 col-lg-4 post-7999 post type-post status-publish format-standard hentry category-non-classifiee\">\r\n\r\n    \r\n    <div class=\"post-meta-cont\">\r\n\r\n      <div class=\"post-header\">\r\n                                  <div class=\"post-category\"><ul class=\"post-categories\">\n\t<li><a href=\"https:\/\/crosslog.com\/2023\/en\/category\/non-classifiee\/\" rel=\"category tag\">Non classifi\u00e9(e)<\/a><\/li><\/ul><\/div>\r\n      <\/div>\r\n\r\n      <a href=\"https:\/\/crosslog.com\/2023\/start-ups-et-logistique-agilite-innovation-et-defis\/\" aria-label=\"Start-ups et logistique : agilit\u00e9, innovation et d\u00e9fis\">\r\n        <h3>Start-ups et logistique : agilit\u00e9, innovation et d\u00e9fis<\/h3>\r\n      <\/a>\r\n      \r\n              <p class=\"post-excerpt\">Dans l\u2019univers de la supply chain, les start-ups bouleversent les codes. Gr\u00e2ce \u00e0 leur agilit\u00e9 et leu...<\/p>            \r\n      <div class=\"post-meta-footer\">\r\n        <span class=\"post-footer--author\">\r\n          <img decoding=\"async\" src=\"https:\/\/secure.gravatar.com\/avatar\/cd4b95573ed32d05637dde4e974ccd55ef6adbc6716731a14c662c1241093425?s=45&d=mm&r=g\" alt=\"Milano Sinbandhith\">\r\n          <div class=\"post-meta__info\">\r\n            <span class=\"post-meta__author\">Milano Sinbandhith<\/span>\r\n            <div class=\"card__footer\">\r\n              <span class=\"post-meta__date\">Mai 28, 2025<\/span>\r\n              <span class=\"ms-p--ttr\">2 min read<\/span>\r\n            <\/div>\r\n          <\/div>\r\n        <\/span>\r\n      <\/div>\r\n    <\/div>\r\n<\/article>\r\n\r\n\t\t\t\t\t\r\n\r\n\t\t\t\t\t\t\r\n<article id=\"post-7951\" class=\"grid-item col-sm-12 col-md-6 col-lg-4 post-7951 post type-post status-publish format-standard hentry category-non-classifiee\">\r\n\r\n    \r\n    <div class=\"post-meta-cont\">\r\n\r\n      <div class=\"post-header\">\r\n                                  <div class=\"post-category\"><ul class=\"post-categories\">\n\t<li><a href=\"https:\/\/crosslog.com\/2023\/en\/category\/non-classifiee\/\" rel=\"category tag\">Non classifi\u00e9(e)<\/a><\/li><\/ul><\/div>\r\n      <\/div>\r\n\r\n      <a href=\"https:\/\/crosslog.com\/2023\/la-logistique-inversee-un-levier-strategique-pour-une-supply-chain-durable\/\" aria-label=\"La logistique invers\u00e9e : un levier strat\u00e9gique pour une supply chain durable\">\r\n        <h3>La logistique invers\u00e9e : un levier strat\u00e9gique pour une supply chain durable<\/h3>\r\n      <\/a>\r\n      \r\n              <p class=\"post-excerpt\">Dans un monde o\u00f9 la durabilit\u00e9 est devenue un imp\u00e9ratif strat\u00e9gique, la logistique invers\u00e9e s&rs...<\/p>            \r\n      <div class=\"post-meta-footer\">\r\n        <span class=\"post-footer--author\">\r\n          <img decoding=\"async\" src=\"https:\/\/secure.gravatar.com\/avatar\/cd4b95573ed32d05637dde4e974ccd55ef6adbc6716731a14c662c1241093425?s=45&d=mm&r=g\" alt=\"Milano Sinbandhith\">\r\n          <div class=\"post-meta__info\">\r\n            <span class=\"post-meta__author\">Milano Sinbandhith<\/span>\r\n            <div class=\"card__footer\">\r\n              <span class=\"post-meta__date\">Mai 28, 2025<\/span>\r\n              <span class=\"ms-p--ttr\">3 min read<\/span>\r\n            <\/div>\r\n          <\/div>\r\n        <\/span>\r\n      <\/div>\r\n    <\/div>\r\n<\/article>\r\n\r\n\t\t\t\t\t\r\n\r\n\t\t\t\t\t\t\r\n<article id=\"post-7910\" class=\"grid-item col-sm-12 col-md-6 col-lg-4 post-7910 post type-post status-publish format-standard hentry category-non-classifiee\">\r\n\r\n    \r\n    <div class=\"post-meta-cont\">\r\n\r\n      <div class=\"post-header\">\r\n                                  <div class=\"post-category\"><ul class=\"post-categories\">\n\t<li><a href=\"https:\/\/crosslog.com\/2023\/en\/category\/non-classifiee\/\" rel=\"category tag\">Non classifi\u00e9(e)<\/a><\/li><\/ul><\/div>\r\n      <\/div>\r\n\r\n      <a href=\"https:\/\/crosslog.com\/2023\/accompagnement-des-pme\/\" aria-label=\"Accompagnement des PME\">\r\n        <h3>Accompagnement des PME<\/h3>\r\n      <\/a>\r\n      \r\n              <p class=\"post-excerpt\">Les petites et moyennes entreprises (PME) jouent un r\u00f4le crucial dans le secteur logistique. Elles...<\/p>            \r\n      <div class=\"post-meta-footer\">\r\n        <span class=\"post-footer--author\">\r\n          <img decoding=\"async\" src=\"https:\/\/secure.gravatar.com\/avatar\/cd4b95573ed32d05637dde4e974ccd55ef6adbc6716731a14c662c1241093425?s=45&d=mm&r=g\" alt=\"Milano Sinbandhith\">\r\n          <div class=\"post-meta__info\">\r\n            <span class=\"post-meta__author\">Milano Sinbandhith<\/span>\r\n            <div class=\"card__footer\">\r\n              <span class=\"post-meta__date\">Mai 27, 2025<\/span>\r\n              <span class=\"ms-p--ttr\">3 min read<\/span>\r\n            <\/div>\r\n          <\/div>\r\n        <\/span>\r\n      <\/div>\r\n    <\/div>\r\n<\/article>\r\n\r\n\t\t\t\t\t\r\n\r\n\t\t\t\t\t\t\r\n<article id=\"post-7875\" class=\"grid-item col-sm-12 col-md-6 col-lg-4 post-7875 post type-post status-publish format-standard hentry category-non-classifiee\">\r\n\r\n    \r\n    <div class=\"post-meta-cont\">\r\n\r\n      <div class=\"post-header\">\r\n                                  <div class=\"post-category\"><ul class=\"post-categories\">\n\t<li><a href=\"https:\/\/crosslog.com\/2023\/en\/category\/non-classifiee\/\" rel=\"category tag\">Non classifi\u00e9(e)<\/a><\/li><\/ul><\/div>\r\n      <\/div>\r\n\r\n      <a href=\"https:\/\/crosslog.com\/2023\/logistique-evenementielle-gerer-les-festivals-et-grands-evenements\/\" aria-label=\"Logistique \u00e9v\u00e9nementielle : G\u00e9rer les festivals et grands \u00e9v\u00e9nements\">\r\n        <h3>Logistique \u00e9v\u00e9nementielle : G\u00e9rer les festivals et grands \u00e9v\u00e9nements<\/h3>\r\n      <\/a>\r\n      \r\n              <p class=\"post-excerpt\">La logistique \u00e9v\u00e9nementielle est un domaine complexe et passionnant qui joue un r\u00f4le crucial dans la...<\/p>            \r\n      <div class=\"post-meta-footer\">\r\n        <span class=\"post-footer--author\">\r\n          <img decoding=\"async\" src=\"https:\/\/secure.gravatar.com\/avatar\/cd4b95573ed32d05637dde4e974ccd55ef6adbc6716731a14c662c1241093425?s=45&d=mm&r=g\" alt=\"Milano Sinbandhith\">\r\n          <div class=\"post-meta__info\">\r\n            <span class=\"post-meta__author\">Milano Sinbandhith<\/span>\r\n            <div class=\"card__footer\">\r\n              <span class=\"post-meta__date\">Mai 22, 2025<\/span>\r\n              <span class=\"ms-p--ttr\">3 min read<\/span>\r\n            <\/div>\r\n          <\/div>\r\n        <\/span>\r\n      <\/div>\r\n    <\/div>\r\n<\/article>\r\n\r\n\t\t\t\t\t\r\n\t\t            \t        \t\t\t\t\t\t\t\t\t\t\t<nav class=\"pagination\" aria-label=\"Pagination\"><ol class=\"pagination__list\">\n<li class=\"page-item active\"><a href=\"https:\/\/crosslog.com\/2023\/wp-json\/wp\/v2\/pages\/148\/\" class=\"pagination__item\">1<\/a><\/li>\n<li><a href=\"https:\/\/crosslog.com\/2023\/wp-json\/wp\/v2\/pages\/148\/page\/2\/\" class=\"pagination__item\">2<\/a><\/li>\n<li><a href=\"https:\/\/crosslog.com\/2023\/wp-json\/wp\/v2\/pages\/148\/page\/3\/\" class=\"pagination__item\">3<\/a><\/li>\n<li class=\"page-item next\"><a href=\"https:\/\/crosslog.com\/2023\/wp-json\/wp\/v2\/pages\/148\/page\/2\/\" >Next<\/a> <\/li>\n<\/ol><\/nav>\n\t\t            \t\t\t            \t\t\t<\/div>\r\n\t\t<\/div>\r\n\t\t\t\t<\/div>\n\t\t\t\t<\/div>\n\t\t\t\t\t<\/div>\n\t\t<\/div>\n\t\t\t\t\t<\/div>\n\t\t<\/section>\n\t\t\t\t<\/div>\n\t\t","protected":false},"excerpt":{"rendered":"<p>Actualit\u00e9s Flash InfoCrosslog Design UI vs. UX: What\u2019s the difference? Completely formulate integrated methods Globally maintain multifunctional products before&#8230; admin Ao\u00fbt 9, 2022 2 [&hellip;]<\/p>\n","protected":false},"author":1,"featured_media":0,"parent":0,"menu_order":0,"comment_status":"closed","ping_status":"closed","template":"page-custom.php","meta":{"footnotes":""},"class_list":["post-148","page","type-page","status-publish","hentry"],"acf":{"full_width":true,"header_transparent":true,"header_white":true},"yoast_head":"<!-- This site is optimized with the Yoast SEO plugin v24.0 - https:\/\/yoast.com\/wordpress\/plugins\/seo\/ -->\n<title>Actualit\u00e9s - Crosslog International<\/title>\n<meta name=\"description\" content=\"Toute l&#039;actualit\u00e9 de la logistique : d\u00e9couvrez nos derniers articles, conseils et nouveaut\u00e9s pour optimiser votre cha\u00eene d&#039;approvisionnemen\" \/>\n<meta name=\"robots\" content=\"index, follow, max-snippet:-1, max-image-preview:large, max-video-preview:-1\" \/>\n<link rel=\"canonical\" href=\"https:\/\/crosslog.com\/2023\/actualites-blog\/\" \/>\n<meta property=\"og:locale\" content=\"fr_FR\" \/>\n<meta property=\"og:type\" content=\"article\" \/>\n<meta property=\"og:title\" content=\"Actualit\u00e9s - Crosslog International\" \/>\n<meta property=\"og:description\" content=\"Toute l&#039;actualit\u00e9 de la logistique : d\u00e9couvrez nos derniers articles, conseils et nouveaut\u00e9s pour optimiser votre cha\u00eene d&#039;approvisionnemen\" \/>\n<meta property=\"og:url\" content=\"https:\/\/crosslog.com\/2023\/actualites-blog\/\" \/>\n<meta property=\"og:site_name\" content=\"Crosslog International\" \/>\n<meta property=\"article:modified_time\" content=\"2024-12-01T21:57:44+00:00\" \/>\n<meta property=\"og:image\" content=\"https:\/\/crosslog.com\/2023\/wp-content\/uploads\/2022\/08\/cement-street-financial-downtown-shanghai-travel.jpg\" \/>\n<meta name=\"twitter:card\" content=\"summary_large_image\" \/>\n<meta name=\"twitter:label1\" content=\"Dur\u00e9e de lecture estim\u00e9e\" \/>\n\t<meta name=\"twitter:data1\" content=\"4 minutes\" \/>\n<script type=\"application\/ld+json\" class=\"yoast-schema-graph\">{\"@context\":\"https:\/\/schema.org\",\"@graph\":[{\"@type\":\"WebPage\",\"@id\":\"https:\/\/crosslog.com\/2023\/actualites-blog\/\",\"url\":\"https:\/\/crosslog.com\/2023\/actualites-blog\/\",\"name\":\"Actualit\u00e9s - Crosslog International\",\"isPartOf\":{\"@id\":\"https:\/\/crosslog.com\/2023\/#website\"},\"primaryImageOfPage\":{\"@id\":\"https:\/\/crosslog.com\/2023\/actualites-blog\/#primaryimage\"},\"image\":{\"@id\":\"https:\/\/crosslog.com\/2023\/actualites-blog\/#primaryimage\"},\"thumbnailUrl\":\"https:\/\/crosslog.com\/2023\/wp-content\/uploads\/2022\/08\/cement-street-financial-downtown-shanghai-travel.jpg\",\"datePublished\":\"2022-08-23T10:37:56+00:00\",\"dateModified\":\"2024-12-01T21:57:44+00:00\",\"description\":\"Toute l'actualit\u00e9 de la logistique : d\u00e9couvrez nos derniers articles, conseils et nouveaut\u00e9s pour optimiser votre cha\u00eene d'approvisionnemen\",\"breadcrumb\":{\"@id\":\"https:\/\/crosslog.com\/2023\/actualites-blog\/#breadcrumb\"},\"inLanguage\":\"fr-FR\",\"potentialAction\":[{\"@type\":\"ReadAction\",\"target\":[\"https:\/\/crosslog.com\/2023\/actualites-blog\/\"]}]},{\"@type\":\"ImageObject\",\"inLanguage\":\"fr-FR\",\"@id\":\"https:\/\/crosslog.com\/2023\/actualites-blog\/#primaryimage\",\"url\":\"https:\/\/crosslog.com\/2023\/wp-content\/uploads\/2022\/08\/cement-street-financial-downtown-shanghai-travel.jpg\",\"contentUrl\":\"https:\/\/crosslog.com\/2023\/wp-content\/uploads\/2022\/08\/cement-street-financial-downtown-shanghai-travel.jpg\"},{\"@type\":\"BreadcrumbList\",\"@id\":\"https:\/\/crosslog.com\/2023\/actualites-blog\/#breadcrumb\",\"itemListElement\":[{\"@type\":\"ListItem\",\"position\":1,\"name\":\"Accueil\",\"item\":\"https:\/\/crosslog.com\/2023\/\"},{\"@type\":\"ListItem\",\"position\":2,\"name\":\"Actualit\u00e9s\"}]},{\"@type\":\"WebSite\",\"@id\":\"https:\/\/crosslog.com\/2023\/#website\",\"url\":\"https:\/\/crosslog.com\/2023\/\",\"name\":\"Crosslog International\",\"description\":\"Votre Partenaire Strat\u00e9gique en Logistique E-commerce et Omnicanal\",\"potentialAction\":[{\"@type\":\"SearchAction\",\"target\":{\"@type\":\"EntryPoint\",\"urlTemplate\":\"https:\/\/crosslog.com\/2023\/?s={search_term_string}\"},\"query-input\":{\"@type\":\"PropertyValueSpecification\",\"valueRequired\":true,\"valueName\":\"search_term_string\"}}],\"inLanguage\":\"fr-FR\"}]}<\/script>\n<!-- \/ Yoast SEO plugin. -->","yoast_head_json":{"title":"Actualit\u00e9s - Crosslog International","description":"Toute l'actualit\u00e9 de la logistique : d\u00e9couvrez nos derniers articles, conseils et nouveaut\u00e9s pour optimiser votre cha\u00eene d'approvisionnemen","robots":{"index":"index","follow":"follow","max-snippet":"max-snippet:-1","max-image-preview":"max-image-preview:large","max-video-preview":"max-video-preview:-1"},"canonical":"https:\/\/crosslog.com\/2023\/actualites-blog\/","og_locale":"fr_FR","og_type":"article","og_title":"Actualit\u00e9s - Crosslog International","og_description":"Toute l'actualit\u00e9 de la logistique : d\u00e9couvrez nos derniers articles, conseils et nouveaut\u00e9s pour optimiser votre cha\u00eene d'approvisionnemen","og_url":"https:\/\/crosslog.com\/2023\/actualites-blog\/","og_site_name":"Crosslog International","article_modified_time":"2024-12-01T21:57:44+00:00","og_image":[{"url":"https:\/\/crosslog.com\/2023\/wp-content\/uploads\/2022\/08\/cement-street-financial-downtown-shanghai-travel.jpg","type":"","width":"","height":""}],"twitter_card":"summary_large_image","twitter_misc":{"Dur\u00e9e de lecture estim\u00e9e":"4 minutes"},"schema":{"@context":"https:\/\/schema.org","@graph":[{"@type":"WebPage","@id":"https:\/\/crosslog.com\/2023\/actualites-blog\/","url":"https:\/\/crosslog.com\/2023\/actualites-blog\/","name":"Actualit\u00e9s - Crosslog International","isPartOf":{"@id":"https:\/\/crosslog.com\/2023\/#website"},"primaryImageOfPage":{"@id":"https:\/\/crosslog.com\/2023\/actualites-blog\/#primaryimage"},"image":{"@id":"https:\/\/crosslog.com\/2023\/actualites-blog\/#primaryimage"},"thumbnailUrl":"https:\/\/crosslog.com\/2023\/wp-content\/uploads\/2022\/08\/cement-street-financial-downtown-shanghai-travel.jpg","datePublished":"2022-08-23T10:37:56+00:00","dateModified":"2024-12-01T21:57:44+00:00","description":"Toute l'actualit\u00e9 de la logistique : d\u00e9couvrez nos derniers articles, conseils et nouveaut\u00e9s pour optimiser votre cha\u00eene d'approvisionnemen","breadcrumb":{"@id":"https:\/\/crosslog.com\/2023\/actualites-blog\/#breadcrumb"},"inLanguage":"fr-FR","potentialAction":[{"@type":"ReadAction","target":["https:\/\/crosslog.com\/2023\/actualites-blog\/"]}]},{"@type":"ImageObject","inLanguage":"fr-FR","@id":"https:\/\/crosslog.com\/2023\/actualites-blog\/#primaryimage","url":"https:\/\/crosslog.com\/2023\/wp-content\/uploads\/2022\/08\/cement-street-financial-downtown-shanghai-travel.jpg","contentUrl":"https:\/\/crosslog.com\/2023\/wp-content\/uploads\/2022\/08\/cement-street-financial-downtown-shanghai-travel.jpg"},{"@type":"BreadcrumbList","@id":"https:\/\/crosslog.com\/2023\/actualites-blog\/#breadcrumb","itemListElement":[{"@type":"ListItem","position":1,"name":"Accueil","item":"https:\/\/crosslog.com\/2023\/"},{"@type":"ListItem","position":2,"name":"Actualit\u00e9s"}]},{"@type":"WebSite","@id":"https:\/\/crosslog.com\/2023\/#website","url":"https:\/\/crosslog.com\/2023\/","name":"Crosslog International","description":"Votre Partenaire Strat\u00e9gique en Logistique E-commerce et Omnicanal","potentialAction":[{"@type":"SearchAction","target":{"@type":"EntryPoint","urlTemplate":"https:\/\/crosslog.com\/2023\/?s={search_term_string}"},"query-input":{"@type":"PropertyValueSpecification","valueRequired":true,"valueName":"search_term_string"}}],"inLanguage":"fr-FR"}]}},"_links":{"self":[{"href":"https:\/\/crosslog.com\/2023\/wp-json\/wp\/v2\/pages\/148","targetHints":{"allow":["GET"]}}],"collection":[{"href":"https:\/\/crosslog.com\/2023\/wp-json\/wp\/v2\/pages"}],"about":[{"href":"https:\/\/crosslog.com\/2023\/wp-json\/wp\/v2\/types\/page"}],"author":[{"embeddable":true,"href":"https:\/\/crosslog.com\/2023\/wp-json\/wp\/v2\/users\/1"}],"replies":[{"embeddable":true,"href":"https:\/\/crosslog.com\/2023\/wp-json\/wp\/v2\/comments?post=148"}],"version-history":[{"count":1,"href":"https:\/\/crosslog.com\/2023\/wp-json\/wp\/v2\/pages\/148\/revisions"}],"predecessor-version":[{"id":7144,"href":"https:\/\/crosslog.com\/2023\/wp-json\/wp\/v2\/pages\/148\/revisions\/7144"}],"wp:attachment":[{"href":"https:\/\/crosslog.com\/2023\/wp-json\/wp\/v2\/media?parent=148"}],"curies":[{"name":"wp","href":"https:\/\/api.w.org\/{rel}","templated":true}]}}